{"id":97,"date":"2019-10-29T18:49:46","date_gmt":"2019-10-29T18:49:46","guid":{"rendered":"http:\/\/muzeumlegii.cz\/?page_id=97"},"modified":"2022-01-21T08:40:49","modified_gmt":"2022-01-21T07:40:49","slug":"italie","status":"publish","type":"page","link":"https:\/\/muzeumlegii.cz\/sk\/italie\/","title":{"rendered":"Taliansko"},"content":{"rendered":"<div data-elementor-type=\"wp-page\" data-elementor-id=\"97\" class=\"elementor elementor-97\" data-elementor-post-type=\"page\">\n\t\t\t\t\t\t<section class=\"elementor-section elementor-top-section elementor-element elementor-element-920e6b3 elementor-section-boxed elementor-section-height-default elementor-section-height-default\" data-id=\"920e6b3\" data-element_type=\"section\" data-e-type=\"section\">\n\t\t\t\t\t\t<div class=\"elementor-container elementor-column-gap-default\">\n\t\t\t\t\t<div class=\"elementor-column elementor-col-100 elementor-top-column elementor-element elementor-element-b7e998b\" data-id=\"b7e998b\" data-element_type=\"column\" data-e-type=\"column\">\n\t\t\t<div class=\"elementor-widget-wrap elementor-element-populated\">\n\t\t\t\t\t\t<div class=\"elementor-element elementor-element-9f44457 elementor-widget elementor-widget-spacer\" data-id=\"9f44457\" data-element_type=\"widget\" data-e-type=\"widget\" data-widget_type=\"spacer.default\">\n\t\t\t\t<div class=\"elementor-widget-container\">\n\t\t\t\t\t\t\t<div class=\"elementor-spacer\">\n\t\t\t<div class=\"elementor-spacer-inner\"><\/div>\n\t\t<\/div>\n\t\t\t\t\t\t<\/div>\n\t\t\t\t<\/div>\n\t\t\t\t<div class=\"elementor-element elementor-element-291d6f2 elementor-widget elementor-widget-html\" data-id=\"291d6f2\" data-element_type=\"widget\" data-e-type=\"widget\" data-widget_type=\"html.default\">\n\t\t\t\t<div class=\"elementor-widget-container\">\n\t\t\t\t\t<!-- Global site tag (gtag.js) - Google Analytics -->\n<script async src=\"https:\/\/www.googletagmanager.com\/gtag\/js?id=UA-115740275-3\"><\/script>\n<script>\n  window.dataLayer = window.dataLayer || [];\n  function gtag(){dataLayer.push(arguments);}\n  gtag('js', new Date());\n\n  gtag('config', 'UA-115740275-3');\n<\/script>\n\t\t\t\t<\/div>\n\t\t\t\t<\/div>\n\t\t\t\t<div class=\"elementor-element elementor-element-728cbab elementor-widget elementor-widget-heading\" data-id=\"728cbab\" data-element_type=\"widget\" data-e-type=\"widget\" data-widget_type=\"heading.default\">\n\t\t\t\t<div class=\"elementor-widget-container\">\n\t\t\t\t\t<h2 class=\"elementor-heading-title elementor-size-default\">\u010ceskoslovensk\u00e9 l\u00e9gie v Taliansku<\/h2>\t\t\t\t<\/div>\n\t\t\t\t<\/div>\n\t\t\t\t<div class=\"elementor-element elementor-element-718e873 elementor-widget elementor-widget-spacer\" data-id=\"718e873\" data-element_type=\"widget\" data-e-type=\"widget\" data-widget_type=\"spacer.default\">\n\t\t\t\t<div class=\"elementor-widget-container\">\n\t\t\t\t\t\t\t<div class=\"elementor-spacer\">\n\t\t\t<div class=\"elementor-spacer-inner\"><\/div>\n\t\t<\/div>\n\t\t\t\t\t\t<\/div>\n\t\t\t\t<\/div>\n\t\t\t\t\t<\/div>\n\t\t<\/div>\n\t\t\t\t\t<\/div>\n\t\t<\/section>\n\t\t\t\t<section class=\"elementor-section elementor-top-section elementor-element elementor-element-8baf9fb elementor-section-boxed elementor-section-height-default elementor-section-height-default\" data-id=\"8baf9fb\" data-element_type=\"section\" data-e-type=\"section\">\n\t\t\t\t\t\t<div class=\"elementor-container elementor-column-gap-default\">\n\t\t\t\t\t<div class=\"elementor-column elementor-col-100 elementor-top-column elementor-element elementor-element-6f2197a\" data-id=\"6f2197a\" data-element_type=\"column\" data-e-type=\"column\">\n\t\t\t<div class=\"elementor-widget-wrap elementor-element-populated\">\n\t\t\t\t\t\t<section class=\"elementor-section elementor-inner-section elementor-element elementor-element-feeffa3 elementor-section-boxed elementor-section-height-default elementor-section-height-default\" data-id=\"feeffa3\" data-element_type=\"section\" data-e-type=\"section\">\n\t\t\t\t\t\t<div class=\"elementor-container elementor-column-gap-default\">\n\t\t\t\t\t<div class=\"elementor-column elementor-col-50 elementor-inner-column elementor-element elementor-element-130bdd0\" data-id=\"130bdd0\" data-element_type=\"column\" data-e-type=\"column\">\n\t\t\t<div class=\"elementor-widget-wrap elementor-element-populated\">\n\t\t\t\t\t\t<div class=\"elementor-element elementor-element-343223b elementor-widget elementor-widget-text-editor\" data-id=\"343223b\" data-element_type=\"widget\" data-e-type=\"widget\" data-widget_type=\"text-editor.default\">\n\t\t\t\t<div class=\"elementor-widget-container\">\n\t\t\t\t\t\t\t\t\t<p>A\u017e za\u010diatkom roka 1917 boli \u010desk\u00ed a slovensk\u00ed vojnov\u00ed zajatci (s oh\u013eadom na ich n\u00e1rodnos\u0165) zaraden\u00ed do t\u00e1bora Santa Maria Capua Vetere pri Neapole. Tam 17. janu\u00e1ra 1917 vznikol \u010ds. dobrovo\u013en\u00edcky zbor, na \u010dele ktor\u00e9ho st\u00e1l sokolsk\u00fd funkcion\u00e1r J. \u010capek.\u00a0<\/p><p>\u010ceskoslovensk\u00ed vojnov\u00ed zajatci sa hl\u00e1sili do talianskych bojov\u00fdch jednotiek s cie\u013eom vytvori\u0165 vlastn\u00e9 \u010deskoslovensk\u00e9 jednotky. In\u0161pirovali sa hrdinsk\u00fdmi \u010dinmi na\u0161ich prieskumn\u00edkov (Esploratori Cecoslovacchi), ktor\u00fdm sa u\u017e podarilo vst\u00fapi\u0165 do talianskeho zboru.\u00a0<\/p><p>Talianska vl\u00e1da v\u0161ak s formovan\u00edm na\u0161ich jednotiek ot\u00e1\u013eala a povolila len vytvorenie pracovn\u00fdch pr\u00e1porov na vojnov\u00e9 \u00fa\u010dely.\u00a0<\/p><p>Po talianskej por\u00e1\u017eke pri Caporette v okt\u00f3bri 1917 a diplomatickom naliehan\u00ed gen. M. R. \u0160tef\u00e1nika bolo 21. apr\u00edla 1918 schv\u00e1len\u00e9 zriadenie \u010ds. arm\u00e1dy v Taliansku. Za jej velite\u013ea bol vymenovan\u00fd gener\u00e1l A. Graziani.\u00a0<\/p><p>\u00a0<\/p>\t\t\t\t\t\t\t\t<\/div>\n\t\t\t\t<\/div>\n\t\t\t\t\t<\/div>\n\t\t<\/div>\n\t\t\t\t<div class=\"elementor-column elementor-col-50 elementor-inner-column elementor-element elementor-element-6cfe6a9\" data-id=\"6cfe6a9\" data-element_type=\"column\" data-e-type=\"column\">\n\t\t\t<div class=\"elementor-widget-wrap elementor-element-populated\">\n\t\t\t\t\t\t<div class=\"elementor-element elementor-element-9ad64b8 elementor-widget elementor-widget-image\" data-id=\"9ad64b8\" data-element_type=\"widget\" data-e-type=\"widget\" data-widget_type=\"image.default\">\n\t\t\t\t<div class=\"elementor-widget-container\">\n\t\t\t\t\t\t\t\t\t\t\t\t\t\t\t\t<a href=\"https:\/\/muzeumlegii.cz\/wp-content\/uploads\/2020\/02\/It\u00e1lie-1-\u0158\u00edm-24.5.1918.jpg\" data-elementor-open-lightbox=\"yes\" data-elementor-lightbox-title=\"It\u00e1lie -1 \u0158\u00edm 24.5.1918\" data-e-action-hash=\"#elementor-action%3Aaction%3Dlightbox%26settings%3DeyJpZCI6NTM4LCJ1cmwiOiJodHRwczpcL1wvbXV6ZXVtbGVnaWkuY3pcL3dwLWNvbnRlbnRcL3VwbG9hZHNcLzIwMjBcLzAyXC9JdFx1MDBlMWxpZS0xLVx1MDE1OFx1MDBlZG0tMjQuNS4xOTE4LmpwZyJ9\">\n\t\t\t\t\t\t\t<img fetchpriority=\"high\" decoding=\"async\" width=\"1024\" height=\"667\" src=\"https:\/\/muzeumlegii.cz\/wp-content\/uploads\/2020\/02\/It\u00e1lie-1-\u0158\u00edm-24.5.1918-1024x667.jpg\" class=\"attachment-large size-large wp-image-538\" alt=\"\" srcset=\"https:\/\/muzeumlegii.cz\/wp-content\/uploads\/2020\/02\/It\u00e1lie-1-\u0158\u00edm-24.5.1918-1024x667.jpg 1024w, https:\/\/muzeumlegii.cz\/wp-content\/uploads\/2020\/02\/It\u00e1lie-1-\u0158\u00edm-24.5.1918-300x195.jpg 300w, https:\/\/muzeumlegii.cz\/wp-content\/uploads\/2020\/02\/It\u00e1lie-1-\u0158\u00edm-24.5.1918-768x500.jpg 768w, https:\/\/muzeumlegii.cz\/wp-content\/uploads\/2020\/02\/It\u00e1lie-1-\u0158\u00edm-24.5.1918-1536x1000.jpg 1536w, https:\/\/muzeumlegii.cz\/wp-content\/uploads\/2020\/02\/It\u00e1lie-1-\u0158\u00edm-24.5.1918-2048x1333.jpg 2048w\" sizes=\"(max-width: 1024px) 100vw, 1024px\" \/>\t\t\t\t\t\t\t\t<\/a>\n\t\t\t\t\t\t\t\t\t\t\t\t\t\t\t<\/div>\n\t\t\t\t<\/div>\n\t\t\t\t\t<\/div>\n\t\t<\/div>\n\t\t\t\t\t<\/div>\n\t\t<\/section>\n\t\t\t\t<section class=\"elementor-section elementor-inner-section elementor-element elementor-element-cc24b27 elementor-reverse-mobile elementor-section-boxed elementor-section-height-default elementor-section-height-default\" data-id=\"cc24b27\" data-element_type=\"section\" data-e-type=\"section\">\n\t\t\t\t\t\t<div class=\"elementor-container elementor-column-gap-default\">\n\t\t\t\t\t<div class=\"elementor-column elementor-col-50 elementor-inner-column elementor-element elementor-element-213a6ce\" data-id=\"213a6ce\" data-element_type=\"column\" data-e-type=\"column\">\n\t\t\t<div class=\"elementor-widget-wrap elementor-element-populated\">\n\t\t\t\t\t\t<div class=\"elementor-element elementor-element-57c0d74 elementor-widget elementor-widget-image\" data-id=\"57c0d74\" data-element_type=\"widget\" data-e-type=\"widget\" data-widget_type=\"image.default\">\n\t\t\t\t<div class=\"elementor-widget-container\">\n\t\t\t\t\t\t\t\t\t\t\t\t\t\t\t\t<a href=\"https:\/\/muzeumlegii.cz\/wp-content\/uploads\/2020\/02\/It\u00e1lie-2-.jpg\" data-elementor-open-lightbox=\"yes\" data-elementor-lightbox-title=\"It\u00e1lie - 2\" data-e-action-hash=\"#elementor-action%3Aaction%3Dlightbox%26settings%3DeyJpZCI6NTM3LCJ1cmwiOiJodHRwczpcL1wvbXV6ZXVtbGVnaWkuY3pcL3dwLWNvbnRlbnRcL3VwbG9hZHNcLzIwMjBcLzAyXC9JdFx1MDBlMWxpZS0yLS5qcGcifQ%3D%3D\">\n\t\t\t\t\t\t\t<img decoding=\"async\" width=\"1024\" height=\"714\" src=\"https:\/\/muzeumlegii.cz\/wp-content\/uploads\/2020\/02\/It\u00e1lie-2--1024x714.jpg\" class=\"attachment-large size-large wp-image-537\" alt=\"\" srcset=\"https:\/\/muzeumlegii.cz\/wp-content\/uploads\/2020\/02\/It\u00e1lie-2--1024x714.jpg 1024w, https:\/\/muzeumlegii.cz\/wp-content\/uploads\/2020\/02\/It\u00e1lie-2--300x209.jpg 300w, https:\/\/muzeumlegii.cz\/wp-content\/uploads\/2020\/02\/It\u00e1lie-2--768x535.jpg 768w, https:\/\/muzeumlegii.cz\/wp-content\/uploads\/2020\/02\/It\u00e1lie-2-.jpg 1310w\" sizes=\"(max-width: 1024px) 100vw, 1024px\" \/>\t\t\t\t\t\t\t\t<\/a>\n\t\t\t\t\t\t\t\t\t\t\t\t\t\t\t<\/div>\n\t\t\t\t<\/div>\n\t\t\t\t\t<\/div>\n\t\t<\/div>\n\t\t\t\t<div class=\"elementor-column elementor-col-50 elementor-inner-column elementor-element elementor-element-4966102\" data-id=\"4966102\" data-element_type=\"column\" data-e-type=\"column\">\n\t\t\t<div class=\"elementor-widget-wrap elementor-element-populated\">\n\t\t\t\t\t\t<div class=\"elementor-element elementor-element-04b8703 elementor-widget elementor-widget-text-editor\" data-id=\"04b8703\" data-element_type=\"widget\" data-e-type=\"widget\" data-widget_type=\"text-editor.default\">\n\t\t\t\t<div class=\"elementor-widget-container\">\n\t\t\t\t\t\t\t\t\t<p>\u010ceskoslovensk\u00e1 div\u00edzia bola nakoniec sformovan\u00e1 v Taliansku. Tvorili ju 31., 32., 33., 34. \u010deskoslovensk\u00fd streleck\u00fd pluk (35. a 39. pluk vznikli a\u017e v septembri). Na sl\u00e1vnostnej prehliadke \u010deskoslovenskej div\u00edzie sa z\u00fa\u010dastnil taliansky kr\u00e1\u013e Vittorio Emanuele III. D\u0148a 24. m\u00e1ja 1918 bola v R\u00edme na\u0161im legion\u00e1rom sl\u00e1vnostne odovzdan\u00e1 z\u00e1stava, ktor\u00fa vy\u0161\u00edvali d\u00e1my z R\u00edma.<\/p><p>V polovin\u011b srpna 1918 byla divize p\u0159esunuta na frontu do prostoru mezi Gardsk\u00fdm jezerem a \u0159ekou Adi\u017e\u00ed. Z\u00fa\u010dastnila se boj\u016f o Doss Alto. V z\u00e1kopech, ale i v ,kavern\u00e1ch&#8221; pro\u017eila t\u011b\u017ek\u00e9 bojov\u00e9 situace.<\/p><p>Do l\u00e9gi\u00ed v Taliansku sa prihl\u00e1silo takmer 20 000 mu\u017eov, z ktor\u00fdch 350 bolo zabit\u00fdch. Nieko\u013eko desiatok z nich pri\u0161lo o \u017eivot potupnou popravou po tom, ako padli do nepriate\u013esk\u00e9ho zajatia.<\/p>\t\t\t\t\t\t\t\t<\/div>\n\t\t\t\t<\/div>\n\t\t\t\t\t<\/div>\n\t\t<\/div>\n\t\t\t\t\t<\/div>\n\t\t<\/section>\n\t\t\t\t<div class=\"elementor-element elementor-element-cc6941b elementor-align-center elementor-mobile-align-center elementor-widget elementor-widget-button\" data-id=\"cc6941b\" data-element_type=\"widget\" data-e-type=\"widget\" data-widget_type=\"button.default\">\n\t\t\t\t<div class=\"elementor-widget-container\">\n\t\t\t\t\t\t\t\t\t<div class=\"elementor-button-wrapper\">\n\t\t\t\t\t<a class=\"elementor-button elementor-button-link elementor-size-sm elementor-animation-grow\" href=\"http:\/\/muzeumlegii.cz\/sk\/zachraneni-valecni-sirotci\/\">\n\t\t\t\t\t\t<span class=\"elementor-button-content-wrapper\">\n\t\t\t\t\t\t\t\t\t<span class=\"elementor-button-text\">\" nasleduj\u00faci \u010dl\u00e1nok - Legion\u00e1ri zachra\u0148uj\u00fa vojnov\u00e9 siroty<\/span>\n\t\t\t\t\t<\/span>\n\t\t\t\t\t<\/a>\n\t\t\t\t<\/div>\n\t\t\t\t\t\t\t\t<\/div>\n\t\t\t\t<\/div>\n\t\t\t\t<div class=\"elementor-element elementor-element-018a9ff elementor-widget elementor-widget-spacer\" data-id=\"018a9ff\" data-element_type=\"widget\" data-e-type=\"widget\" data-widget_type=\"spacer.default\">\n\t\t\t\t<div class=\"elementor-widget-container\">\n\t\t\t\t\t\t\t<div class=\"elementor-spacer\">\n\t\t\t<div class=\"elementor-spacer-inner\"><\/div>\n\t\t<\/div>\n\t\t\t\t\t\t<\/div>\n\t\t\t\t<\/div>\n\t\t\t\t<div class=\"elementor-element elementor-element-5fe1592 elementor-cta--skin-cover elementor-animated-content elementor-bg-transform elementor-bg-transform-zoom-in elementor-widget elementor-widget-global elementor-global-325 elementor-widget-call-to-action\" data-id=\"5fe1592\" data-element_type=\"widget\" data-e-type=\"widget\" data-widget_type=\"call-to-action.default\">\n\t\t\t\t<div class=\"elementor-widget-container\">\n\t\t\t\t\t\t\t<div class=\"elementor-cta\">\n\t\t\t\t\t<div class=\"elementor-cta__bg-wrapper\">\n\t\t\t\t<div class=\"elementor-cta__bg elementor-bg\" style=\"background-image: url(https:\/\/muzeumlegii.cz\/wp-content\/uploads\/2020\/01\/V\u00fdstava-2000-Edited-1-1024x576.jpg);\" role=\"img\" aria-label=\"V\u00fdstava-2000-Edited-1\"><\/div>\n\t\t\t\t<div class=\"elementor-cta__bg-overlay\"><\/div>\n\t\t\t<\/div>\n\t\t\t\t\t\t\t<div class=\"elementor-cta__content\">\n\t\t\t\t\n\t\t\t\t\t\t\t\t\t<h2 class=\"elementor-cta__title elementor-cta__content-item elementor-content-item elementor-animated-item--grow\">\n\t\t\t\t\t\tNav\u0161t\u00edvte M\u00fazeum \u010deskoslovensk\u00fdch l\u00e9gi\u00ed \t\t\t\t\t<\/h2>\n\t\t\t\t\n\t\t\t\t\t\t\t\t\t<div class=\"elementor-cta__description elementor-cta__content-item elementor-content-item elementor-animated-item--grow\">\n\t\t\t\t\t\tSpoznajte pr\u00edbehy legion\u00e1rov v prvej svetovej vojne z prvej l\u00ednie\t\t\t\t\t<\/div>\n\t\t\t\t\n\t\t\t\t\t\t\t\t\t<div class=\"elementor-cta__button-wrapper elementor-cta__content-item elementor-content-item elementor-animated-item--grow\">\n\t\t\t\t\t<a class=\"elementor-cta__button elementor-button elementor-size-\" href=\"http:\/\/muzeumlegii.cz\/sk\/kontakt\/\">\n\t\t\t\t\t\tZorganizujte si prehliadku\t\t\t\t\t<\/a>\n\t\t\t\t\t<\/div>\n\t\t\t\t\t\t\t<\/div>\n\t\t\t\t\t\t<\/div>\n\t\t\t\t\t\t<\/div>\n\t\t\t\t<\/div>\n\t\t\t\t\t<\/div>\n\t\t<\/div>\n\t\t\t\t\t<\/div>\n\t\t<\/section>\n\t\t\t\t<footer class=\"elementor-section elementor-top-section elementor-element elementor-element-5a2cb53c elementor-section-content-middle elementor-section-boxed elementor-section-height-default elementor-section-height-default\" data-id=\"5a2cb53c\" data-element_type=\"section\" data-e-type=\"section\" data-settings=\"{&quot;background_background&quot;:&quot;classic&quot;}\">\n\t\t\t\t\t\t<div class=\"elementor-container elementor-column-gap-default\">\n\t\t\t\t\t<div class=\"elementor-column elementor-col-100 elementor-top-column elementor-element elementor-element-55571c99\" data-id=\"55571c99\" data-element_type=\"column\" data-e-type=\"column\">\n\t\t\t<div class=\"elementor-widget-wrap elementor-element-populated\">\n\t\t\t\t\t\t<section class=\"elementor-section elementor-inner-section elementor-element elementor-element-2ac202b3 elementor-section-content-middle elementor-section-boxed elementor-section-height-default elementor-section-height-default\" data-id=\"2ac202b3\" data-element_type=\"section\" data-e-type=\"section\">\n\t\t\t\t\t\t<div class=\"elementor-container elementor-column-gap-default\">\n\t\t\t\t\t<div class=\"elementor-column elementor-col-50 elementor-inner-column elementor-element elementor-element-713cff30\" data-id=\"713cff30\" data-element_type=\"column\" data-e-type=\"column\">\n\t\t\t<div class=\"elementor-widget-wrap elementor-element-populated\">\n\t\t\t\t\t\t<div class=\"elementor-element elementor-element-39287c3d elementor-nav-menu__align-start elementor-nav-menu--dropdown-mobile elementor-nav-menu--stretch elementor-nav-menu__text-align-center elementor-nav-menu--toggle elementor-nav-menu--burger elementor-widget elementor-widget-nav-menu\" data-id=\"39287c3d\" data-element_type=\"widget\" data-e-type=\"widget\" data-settings=\"{&quot;full_width&quot;:&quot;stretch&quot;,&quot;layout&quot;:&quot;horizontal&quot;,&quot;submenu_icon&quot;:{&quot;value&quot;:&quot;&lt;i class=\\&quot;fas fa-caret-down\\&quot; aria-hidden=\\&quot;true\\&quot;&gt;&lt;\\\/i&gt;&quot;,&quot;library&quot;:&quot;fa-solid&quot;},&quot;toggle&quot;:&quot;burger&quot;}\" data-widget_type=\"nav-menu.default\">\n\t\t\t\t<div class=\"elementor-widget-container\">\n\t\t\t\t\t\t\t\t<nav aria-label=\"Ponuka\" class=\"elementor-nav-menu--main elementor-nav-menu__container elementor-nav-menu--layout-horizontal e--pointer-none\">\n\t\t\t\t<ul id=\"menu-1-39287c3d\" class=\"elementor-nav-menu\"><li class=\"menu-item menu-item-type-post_type menu-item-object-page menu-item-54\"><a href=\"https:\/\/muzeumlegii.cz\/sk\/o-muzeu\/\" class=\"elementor-item\">O m\u00fazeu<\/a><\/li>\n<li class=\"menu-item menu-item-type-post_type menu-item-object-page menu-item-has-children menu-item-55\"><a href=\"https:\/\/muzeumlegii.cz\/sk\/pribeh-ceskoslovenskych-legii\/\" class=\"elementor-item\">Pr\u00edbeh \u010deskoslovensk\u00fdch l\u00e9gi\u00ed<\/a>\n<ul class=\"sub-menu elementor-nav-menu--dropdown\">\n\t<li class=\"menu-item menu-item-type-post_type menu-item-object-page menu-item-293\"><a href=\"https:\/\/muzeumlegii.cz\/sk\/zacatek-1-svetove-valky\/\" class=\"elementor-sub-item\">Za\u010diatok prvej svetovej vojny<\/a><\/li>\n\t<li class=\"menu-item menu-item-type-post_type menu-item-object-page menu-item-107\"><a href=\"https:\/\/muzeumlegii.cz\/sk\/francie\/\" class=\"elementor-sub-item\">Vo Franc\u00fazsku<\/a><\/li>\n\t<li class=\"menu-item menu-item-type-post_type menu-item-object-page menu-item-106\"><a href=\"https:\/\/muzeumlegii.cz\/sk\/rusko\/\" class=\"elementor-sub-item\">V Rusku<\/a><\/li>\n\t<li class=\"menu-item menu-item-type-post_type menu-item-object-page menu-item-105\"><a href=\"https:\/\/muzeumlegii.cz\/sk\/italie\/\" class=\"elementor-sub-item\">V Taliansku<\/a><\/li>\n\t<li class=\"menu-item menu-item-type-post_type menu-item-object-page menu-item-103\"><a href=\"https:\/\/muzeumlegii.cz\/sk\/spojenecke-armady\/\" class=\"elementor-sub-item\">V spojeneck\u00fdch arm\u00e1dach<\/a><\/li>\n\t<li class=\"menu-item menu-item-type-post_type menu-item-object-page menu-item-104\"><a href=\"https:\/\/muzeumlegii.cz\/sk\/zachraneni-valecni-sirotci\/\" class=\"elementor-sub-item\">Zachr\u00e1nen\u00e9 vojnov\u00e9 siroty<\/a><\/li>\n<\/ul>\n<\/li>\n<li class=\"menu-item menu-item-type-post_type menu-item-object-page menu-item-194\"><a href=\"https:\/\/muzeumlegii.cz\/sk\/vyhledani-legionaru\/\" class=\"elementor-item\">H\u013eadanie legion\u00e1rov<\/a><\/li>\n<li class=\"menu-item menu-item-type-post_type menu-item-object-page menu-item-56\"><a href=\"https:\/\/muzeumlegii.cz\/sk\/novinky\/\" class=\"elementor-item\">Novinky<\/a><\/li>\n<li class=\"menu-item menu-item-type-post_type menu-item-object-page menu-item-57\"><a href=\"https:\/\/muzeumlegii.cz\/sk\/kontakt\/\" class=\"elementor-item\">Kontakt a otv\u00e1racie hodiny<\/a><\/li>\n<\/ul>\t\t\t<\/nav>\n\t\t\t\t\t<div class=\"elementor-menu-toggle\" role=\"button\" tabindex=\"0\" aria-label=\"Prep\u00edna\u010d menu\" aria-expanded=\"false\">\n\t\t\t<i aria-hidden=\"true\" role=\"presentation\" class=\"elementor-menu-toggle__icon--open eicon-menu-bar\"><\/i><i aria-hidden=\"true\" role=\"presentation\" class=\"elementor-menu-toggle__icon--close eicon-close\"><\/i>\t\t<\/div>\n\t\t\t\t\t<nav class=\"elementor-nav-menu--dropdown elementor-nav-menu__container\" aria-hidden=\"true\">\n\t\t\t\t<ul id=\"menu-2-39287c3d\" class=\"elementor-nav-menu\"><li class=\"menu-item menu-item-type-post_type menu-item-object-page menu-item-54\"><a href=\"https:\/\/muzeumlegii.cz\/sk\/o-muzeu\/\" class=\"elementor-item\" tabindex=\"-1\">O m\u00fazeu<\/a><\/li>\n<li class=\"menu-item menu-item-type-post_type menu-item-object-page menu-item-has-children menu-item-55\"><a href=\"https:\/\/muzeumlegii.cz\/sk\/pribeh-ceskoslovenskych-legii\/\" class=\"elementor-item\" tabindex=\"-1\">Pr\u00edbeh \u010deskoslovensk\u00fdch l\u00e9gi\u00ed<\/a>\n<ul class=\"sub-menu elementor-nav-menu--dropdown\">\n\t<li class=\"menu-item menu-item-type-post_type menu-item-object-page menu-item-293\"><a href=\"https:\/\/muzeumlegii.cz\/sk\/zacatek-1-svetove-valky\/\" class=\"elementor-sub-item\" tabindex=\"-1\">Za\u010diatok prvej svetovej vojny<\/a><\/li>\n\t<li class=\"menu-item menu-item-type-post_type menu-item-object-page menu-item-107\"><a href=\"https:\/\/muzeumlegii.cz\/sk\/francie\/\" class=\"elementor-sub-item\" tabindex=\"-1\">Vo Franc\u00fazsku<\/a><\/li>\n\t<li class=\"menu-item menu-item-type-post_type menu-item-object-page menu-item-106\"><a href=\"https:\/\/muzeumlegii.cz\/sk\/rusko\/\" class=\"elementor-sub-item\" tabindex=\"-1\">V Rusku<\/a><\/li>\n\t<li class=\"menu-item menu-item-type-post_type menu-item-object-page menu-item-105\"><a href=\"https:\/\/muzeumlegii.cz\/sk\/italie\/\" class=\"elementor-sub-item\" tabindex=\"-1\">V Taliansku<\/a><\/li>\n\t<li class=\"menu-item menu-item-type-post_type menu-item-object-page menu-item-103\"><a href=\"https:\/\/muzeumlegii.cz\/sk\/spojenecke-armady\/\" class=\"elementor-sub-item\" tabindex=\"-1\">V spojeneck\u00fdch arm\u00e1dach<\/a><\/li>\n\t<li class=\"menu-item menu-item-type-post_type menu-item-object-page menu-item-104\"><a href=\"https:\/\/muzeumlegii.cz\/sk\/zachraneni-valecni-sirotci\/\" class=\"elementor-sub-item\" tabindex=\"-1\">Zachr\u00e1nen\u00e9 vojnov\u00e9 siroty<\/a><\/li>\n<\/ul>\n<\/li>\n<li class=\"menu-item menu-item-type-post_type menu-item-object-page menu-item-194\"><a href=\"https:\/\/muzeumlegii.cz\/sk\/vyhledani-legionaru\/\" class=\"elementor-item\" tabindex=\"-1\">H\u013eadanie legion\u00e1rov<\/a><\/li>\n<li class=\"menu-item menu-item-type-post_type menu-item-object-page menu-item-56\"><a href=\"https:\/\/muzeumlegii.cz\/sk\/novinky\/\" class=\"elementor-item\" tabindex=\"-1\">Novinky<\/a><\/li>\n<li class=\"menu-item menu-item-type-post_type menu-item-object-page menu-item-57\"><a href=\"https:\/\/muzeumlegii.cz\/sk\/kontakt\/\" class=\"elementor-item\" tabindex=\"-1\">Kontakt a otv\u00e1racie hodiny<\/a><\/li>\n<\/ul>\t\t\t<\/nav>\n\t\t\t\t\t\t<\/div>\n\t\t\t\t<\/div>\n\t\t\t\t\t<\/div>\n\t\t<\/div>\n\t\t\t\t<div class=\"elementor-column elementor-col-50 elementor-inner-column elementor-element elementor-element-3e06150a\" data-id=\"3e06150a\" data-element_type=\"column\" data-e-type=\"column\">\n\t\t\t<div class=\"elementor-widget-wrap elementor-element-populated\">\n\t\t\t\t\t\t<div class=\"elementor-element elementor-element-793ae47b elementor-widget elementor-widget-heading\" data-id=\"793ae47b\" data-element_type=\"widget\" data-e-type=\"widget\" data-widget_type=\"heading.default\">\n\t\t\t\t<div class=\"elementor-widget-container\">\n\t\t\t\t\t<p class=\"elementor-heading-title elementor-size-default\"><a href=\"tel:+420727866525\">\n\ud83d\udcde +420 727 866 525\n<\/a><\/p>\t\t\t\t<\/div>\n\t\t\t\t<\/div>\n\t\t\t\t<div class=\"elementor-element elementor-element-3c514fa9 elementor-widget elementor-widget-heading\" data-id=\"3c514fa9\" data-element_type=\"widget\" data-e-type=\"widget\" data-widget_type=\"heading.default\">\n\t\t\t\t<div class=\"elementor-widget-container\">\n\t\t\t\t\t<p class=\"elementor-heading-title elementor-size-default\"><a href=\"mailto:zuffakuncom@seznam.cz\">\u2709 zuffakuncom@seznam.cz<\/a><\/p>\t\t\t\t<\/div>\n\t\t\t\t<\/div>\n\t\t\t\t<div class=\"elementor-element elementor-element-e196e7f elementor-widget elementor-widget-global elementor-global-436 elementor-widget-heading\" data-id=\"e196e7f\" data-element_type=\"widget\" data-e-type=\"widget\" data-widget_type=\"heading.default\">\n\t\t\t\t<div class=\"elementor-widget-container\">\n\t\t\t\t\t<p class=\"elementor-heading-title elementor-size-default\"><a href=\"https:\/\/muzeumlegii.cz\/sk\/zasady-ochrany-osobnich-udaju\/\">Z\u00e1sady ochrany osobn\u00fdch \u00fadajov<\/a><\/p>\t\t\t\t<\/div>\n\t\t\t\t<\/div>\n\t\t\t\t\t<\/div>\n\t\t<\/div>\n\t\t\t\t\t<\/div>\n\t\t<\/section>\n\t\t\t\t\t<\/div>\n\t\t<\/div>\n\t\t\t\t\t<\/div>\n\t\t<\/footer>\n\t\t\t\t<\/div>","protected":false},"excerpt":{"rendered":"<p>\u010ceskoslovensk\u00e9 l\u00e9gie v Taliansku A\u017e za\u010diatkom roka 1917 boli \u010desk\u00ed a slovensk\u00ed vojnov\u00ed zajatci (s oh\u013eadom na ich n\u00e1rodnos\u0165) zaraden\u00ed do t\u00e1bora Santa Maria Capua Vetere pri Neapole. Tam 17. janu\u00e1ra 1917 vznikol \u010ds. dobrovo\u013en\u00edcky zbor, na \u010dele ktor\u00e9ho st\u00e1l sokolsk\u00fd funkcion\u00e1r J. \u010capek.  Cs. zajatci sa hl\u00e1sili k talianskym bojov\u00fdm jednotk\u00e1m s cie\u013eom vytvori\u0165 ... <a title=\"Taliansko\" class=\"read-more\" href=\"https:\/\/muzeumlegii.cz\/sk\/italie\/\" aria-label=\"Viac inform\u00e1ci\u00ed o Taliansku\">Pre\u010d\u00edtajte si viac<\/a><\/p>","protected":false},"author":1,"featured_media":0,"parent":0,"menu_order":0,"comment_status":"closed","ping_status":"closed","template":"elementor_header_footer","meta":{"footnotes":""},"class_list":["post-97","page","type-page","status-publish"],"_links":{"self":[{"href":"https:\/\/muzeumlegii.cz\/sk\/wp-json\/wp\/v2\/pages\/97","targetHints":{"allow":["GET"]}}],"collection":[{"href":"https:\/\/muzeumlegii.cz\/sk\/wp-json\/wp\/v2\/pages"}],"about":[{"href":"https:\/\/muzeumlegii.cz\/sk\/wp-json\/wp\/v2\/types\/page"}],"author":[{"embeddable":true,"href":"https:\/\/muzeumlegii.cz\/sk\/wp-json\/wp\/v2\/users\/1"}],"replies":[{"embeddable":true,"href":"https:\/\/muzeumlegii.cz\/sk\/wp-json\/wp\/v2\/comments?post=97"}],"version-history":[{"count":12,"href":"https:\/\/muzeumlegii.cz\/sk\/wp-json\/wp\/v2\/pages\/97\/revisions"}],"predecessor-version":[{"id":678,"href":"https:\/\/muzeumlegii.cz\/sk\/wp-json\/wp\/v2\/pages\/97\/revisions\/678"}],"wp:attachment":[{"href":"https:\/\/muzeumlegii.cz\/sk\/wp-json\/wp\/v2\/media?parent=97"}],"curies":[{"name":"wp","href":"https:\/\/api.w.org\/{rel}","templated":true}]}}