{"id":50,"date":"2019-10-29T17:27:11","date_gmt":"2019-10-29T17:27:11","guid":{"rendered":"http:\/\/muzeumlegii.cz\/?page_id=50"},"modified":"2022-01-21T08:41:08","modified_gmt":"2022-01-21T07:41:08","slug":"novinky","status":"publish","type":"page","link":"https:\/\/muzeumlegii.cz\/sk\/novinky\/","title":{"rendered":"Novinky"},"content":{"rendered":"<div data-elementor-type=\"wp-page\" data-elementor-id=\"50\" class=\"elementor elementor-50\" data-elementor-post-type=\"page\">\n\t\t\t\t\t\t<section class=\"elementor-section elementor-top-section elementor-element elementor-element-fba0c88 elementor-section-content-middle elementor-section-height-min-height elementor-section-boxed elementor-section-height-default elementor-section-items-middle\" data-id=\"fba0c88\" data-element_type=\"section\" data-e-type=\"section\" data-settings=\"{&quot;background_background&quot;:&quot;classic&quot;}\">\n\t\t\t\t\t\t<div class=\"elementor-container elementor-column-gap-default\">\n\t\t\t\t\t<div class=\"elementor-column elementor-col-100 elementor-top-column elementor-element elementor-element-dcc7660\" data-id=\"dcc7660\" data-element_type=\"column\" data-e-type=\"column\">\n\t\t\t<div class=\"elementor-widget-wrap elementor-element-populated\">\n\t\t\t\t\t\t<div class=\"elementor-element elementor-element-0e47385 elementor-widget elementor-widget-heading\" data-id=\"0e47385\" data-element_type=\"widget\" data-e-type=\"widget\" data-widget_type=\"heading.default\">\n\t\t\t\t<div class=\"elementor-widget-container\">\n\t\t\t\t\t<h4 class=\"elementor-heading-title elementor-size-default\">Novinky<\/h4>\t\t\t\t<\/div>\n\t\t\t\t<\/div>\n\t\t\t\t<div class=\"elementor-element elementor-element-5973992 elementor-widget elementor-widget-html\" data-id=\"5973992\" data-element_type=\"widget\" data-e-type=\"widget\" data-widget_type=\"html.default\">\n\t\t\t\t<div class=\"elementor-widget-container\">\n\t\t\t\t\t<!-- Global site tag (gtag.js) - Google Analytics -->\n<script async src=\"https:\/\/www.googletagmanager.com\/gtag\/js?id=UA-115740275-3\"><\/script>\n<script>\n  window.dataLayer = window.dataLayer || [];\n  function gtag(){dataLayer.push(arguments);}\n  gtag('js', new Date());\n\n  gtag('config', 'UA-115740275-3');\n<\/script>\n\t\t\t\t<\/div>\n\t\t\t\t<\/div>\n\t\t\t\t\t<\/div>\n\t\t<\/div>\n\t\t\t\t\t<\/div>\n\t\t<\/section>\n\t\t\t\t<section class=\"elementor-section elementor-top-section elementor-element elementor-element-682543ac elementor-section-full_width elementor-section-height-default elementor-section-height-default\" data-id=\"682543ac\" data-element_type=\"section\" data-e-type=\"section\">\n\t\t\t\t\t\t<div class=\"elementor-container elementor-column-gap-default\">\n\t\t\t\t\t<div class=\"elementor-column elementor-col-100 elementor-top-column elementor-element elementor-element-1e6fe4d7\" data-id=\"1e6fe4d7\" data-element_type=\"column\" data-e-type=\"column\" data-settings=\"{&quot;background_background&quot;:&quot;classic&quot;}\">\n\t\t\t<div class=\"elementor-widget-wrap elementor-element-populated\">\n\t\t\t\t\t\t<div class=\"elementor-element elementor-element-d1fc3bf elementor-grid-3 elementor-grid-tablet-2 elementor-grid-mobile-1 elementor-posts--thumbnail-top elementor-card-shadow-yes elementor-posts__hover-gradient elementor-widget elementor-widget-posts\" data-id=\"d1fc3bf\" data-element_type=\"widget\" data-e-type=\"widget\" data-settings=\"{&quot;cards_columns&quot;:&quot;3&quot;,&quot;cards_columns_tablet&quot;:&quot;2&quot;,&quot;cards_columns_mobile&quot;:&quot;1&quot;,&quot;cards_row_gap&quot;:{&quot;unit&quot;:&quot;px&quot;,&quot;size&quot;:35,&quot;sizes&quot;:[]},&quot;cards_row_gap_tablet&quot;:{&quot;unit&quot;:&quot;px&quot;,&quot;size&quot;:&quot;&quot;,&quot;sizes&quot;:[]},&quot;cards_row_gap_mobile&quot;:{&quot;unit&quot;:&quot;px&quot;,&quot;size&quot;:&quot;&quot;,&quot;sizes&quot;:[]}}\" data-widget_type=\"posts.cards\">\n\t\t\t\t<div class=\"elementor-widget-container\">\n\t\t\t\t\t\t\t<div class=\"elementor-posts-container elementor-posts elementor-posts--skin-cards elementor-grid\" role=\"list\">\n\t\t\t\t<article class=\"elementor-post elementor-grid-item post-565 post type-post status-publish format-standard has-post-thumbnail hentry category-uncategorized\" role=\"listitem\">\n\t\t\t<div class=\"elementor-post__card\">\n\t\t\t\t<a class=\"elementor-post__thumbnail__link\" href=\"https:\/\/muzeumlegii.cz\/sk\/2020\/02\/14\/stolete-vyroci-navratu-ceskoslovenskych-legii\/\" tabindex=\"-1\" ><div class=\"elementor-post__thumbnail\"><img fetchpriority=\"high\" decoding=\"async\" width=\"706\" height=\"598\" src=\"https:\/\/muzeumlegii.cz\/wp-content\/uploads\/2020\/02\/plakat2-v\u00fdstava-1.jpg\" class=\"attachment-large size-large wp-image-571\" alt=\"\" srcset=\"https:\/\/muzeumlegii.cz\/wp-content\/uploads\/2020\/02\/plakat2-v\u00fdstava-1.jpg 706w, https:\/\/muzeumlegii.cz\/wp-content\/uploads\/2020\/02\/plakat2-v\u00fdstava-1-300x254.jpg 300w\" sizes=\"(max-width: 706px) 100vw, 706px\" \/><\/div><\/a>\n\t\t\t\t<div class=\"elementor-post__text\">\n\t\t\t\t<h3 class=\"elementor-post__title\">\n\t\t\t<a href=\"https:\/\/muzeumlegii.cz\/sk\/2020\/02\/14\/stolete-vyroci-navratu-ceskoslovenskych-legii\/\" >\n\t\t\t\tST\u00c9 V\u00ddRO\u010cIE N\u00c1VRATU \u010cESKOSLOVENSK\u00ddCH L\u00c9GI\u00cd\t\t\t<\/a>\n\t\t<\/h3>\n\t\t\t\t<div class=\"elementor-post__excerpt\">\n\t\t\t<p>Radi by sme sa na v\u00e1s, \u017eiakov a \u0161tudentov, obr\u00e1tili so \u017eiados\u0165ou o spolupr\u00e1cu pri pr\u00edprave spomienkov\u00fdch osl\u00e1v, v\u00fdstav a konferenci\u00ed, ktor\u00e9 sa bud\u00fa kona\u0165 v roku 2020 pri pr\u00edle\u017eitosti st\u00e9ho v\u00fdro\u010dia n\u00e1vratu \u010deskoslovensk\u00fdch l\u00e9gi\u00ed z Ruska do vlasti. \u010ceskoslovensk\u00e9 l\u00e9gie 1914 - 1920, ktor\u00e1 je s\u00fa\u010das\u0165ou projektu.<\/p>\n\t\t<\/div>\n\t\t\n\t\t<a class=\"elementor-post__read-more\" href=\"https:\/\/muzeumlegii.cz\/sk\/2020\/02\/14\/stolete-vyroci-navratu-ceskoslovenskych-legii\/\" aria-label=\"\u010c\u00edtajte viac o STORO\u010cIE N\u00c1VRATU \u010cESKOSLOVENSKEJ LIGY\" tabindex=\"-1\" >\n\t\t\tPre\u010d\u00edtajte si viac \"\t\t<\/a>\n\n\t\t\t\t<\/div>\n\t\t\t\t<div class=\"elementor-post__meta-data\">\n\t\t\t\t\t<span class=\"elementor-post-date\">\n\t\t\t14. 2. 2020\t\t<\/span>\n\t\t\t\t<span class=\"elementor-post-avatar\">\n\t\t\tBez koment\u00e1ra\t\t<\/span>\n\t\t\t\t<\/div>\n\t\t\t\t\t<\/div>\n\t\t<\/article>\n\t\t\t\t<article class=\"elementor-post elementor-grid-item post-261 post type-post status-publish format-standard has-post-thumbnail hentry category-uncategorized\" role=\"listitem\">\n\t\t\t<div class=\"elementor-post__card\">\n\t\t\t\t<a class=\"elementor-post__thumbnail__link\" href=\"https:\/\/muzeumlegii.cz\/sk\/2019\/12\/03\/vyroci-100-let-od-navratu-legionaru-do-vznikajiciho-ceskoslovenska\/\" tabindex=\"-1\" ><div class=\"elementor-post__thumbnail\"><img decoding=\"async\" width=\"600\" height=\"994\" src=\"https:\/\/muzeumlegii.cz\/wp-content\/uploads\/2019\/12\/za\u010d\u00e1tek-sb\u00edrky-Edited.jpg\" class=\"attachment-large size-large wp-image-132\" alt=\"\" srcset=\"https:\/\/muzeumlegii.cz\/wp-content\/uploads\/2019\/12\/za\u010d\u00e1tek-sb\u00edrky-Edited.jpg 600w, https:\/\/muzeumlegii.cz\/wp-content\/uploads\/2019\/12\/za\u010d\u00e1tek-sb\u00edrky-Edited-181x300.jpg 181w\" sizes=\"(max-width: 600px) 100vw, 600px\" \/><\/div><\/a>\n\t\t\t\t<div class=\"elementor-post__text\">\n\t\t\t\t<h3 class=\"elementor-post__title\">\n\t\t\t<a href=\"https:\/\/muzeumlegii.cz\/sk\/2019\/12\/03\/vyroci-100-let-od-navratu-legionaru-do-vznikajiciho-ceskoslovenska\/\" >\n\t\t\t\t100. v\u00fdro\u010die n\u00e1vratu legion\u00e1rov do vznikaj\u00faceho \u010ceskoslovenska\t\t\t<\/a>\n\t\t<\/h3>\n\t\t\t\t<div class=\"elementor-post__excerpt\">\n\t\t\t<p>V roku 2020 uplynie 100 rokov od n\u00e1vratu na\u0161ich pre\u017eiv\u0161\u00edch legion\u00e1rov z vojny domov. V apr\u00edli 1920 sa nalodili vo Vladivostoku.<\/p>\n\t\t<\/div>\n\t\t\n\t\t<a class=\"elementor-post__read-more\" href=\"https:\/\/muzeumlegii.cz\/sk\/2019\/12\/03\/vyroci-100-let-od-navratu-legionaru-do-vznikajiciho-ceskoslovenska\/\" aria-label=\"\u010c\u00edtajte viac o 100. v\u00fdro\u010d\u00ed n\u00e1vratu legion\u00e1rov do vznikaj\u00faceho \u010ceskoslovenska\" tabindex=\"-1\" >\n\t\t\tPre\u010d\u00edtajte si viac \"\t\t<\/a>\n\n\t\t\t\t<\/div>\n\t\t\t\t<div class=\"elementor-post__meta-data\">\n\t\t\t\t\t<span class=\"elementor-post-date\">\n\t\t\t3. 12. 2019\t\t<\/span>\n\t\t\t\t<span class=\"elementor-post-avatar\">\n\t\t\tBez koment\u00e1ra\t\t<\/span>\n\t\t\t\t<\/div>\n\t\t\t\t\t<\/div>\n\t\t<\/article>\n\t\t\t\t<article class=\"elementor-post elementor-grid-item post-1 post type-post status-publish format-standard has-post-thumbnail hentry category-uncategorized\" role=\"listitem\">\n\t\t\t<div class=\"elementor-post__card\">\n\t\t\t\t<a class=\"elementor-post__thumbnail__link\" href=\"https:\/\/muzeumlegii.cz\/sk\/2019\/10\/28\/nove-stranky\/\" tabindex=\"-1\" ><div class=\"elementor-post__thumbnail\"><img decoding=\"async\" width=\"623\" height=\"623\" src=\"https:\/\/muzeumlegii.cz\/wp-content\/uploads\/2019\/10\/Screenshot-2019-12-03-at-12.51.30-PM-Edited-1-1.png\" class=\"attachment-large size-large wp-image-274\" alt=\"\" srcset=\"https:\/\/muzeumlegii.cz\/wp-content\/uploads\/2019\/10\/Screenshot-2019-12-03-at-12.51.30-PM-Edited-1-1.png 623w, https:\/\/muzeumlegii.cz\/wp-content\/uploads\/2019\/10\/Screenshot-2019-12-03-at-12.51.30-PM-Edited-1-1-300x300.png 300w, https:\/\/muzeumlegii.cz\/wp-content\/uploads\/2019\/10\/Screenshot-2019-12-03-at-12.51.30-PM-Edited-1-1-150x150.png 150w\" sizes=\"(max-width: 623px) 100vw, 623px\" \/><\/div><\/a>\n\t\t\t\t<div class=\"elementor-post__text\">\n\t\t\t\t<h3 class=\"elementor-post__title\">\n\t\t\t<a href=\"https:\/\/muzeumlegii.cz\/sk\/2019\/10\/28\/nove-stranky\/\" >\n\t\t\t\tM\u00fazeum \u010deskoslovensk\u00fdch l\u00e9gi\u00ed spustilo nov\u00fa webov\u00fa str\u00e1nku\t\t\t<\/a>\n\t\t<\/h3>\n\t\t\t\t<div class=\"elementor-post__excerpt\">\n\t\t\t<p>M\u00fazeum l\u00e9gi\u00ed spustilo nov\u00fa webov\u00fa str\u00e1nku. Dajte n\u00e1m pros\u00edm vedie\u0165 svoj n\u00e1zor, aby sme vedeli, \u010do m\u00e1me zlep\u0161i\u0165, aby v\u00e1m str\u00e1nka dobre fungovala.\u00a0<\/p>\n\t\t<\/div>\n\t\t\n\t\t<a class=\"elementor-post__read-more\" href=\"https:\/\/muzeumlegii.cz\/sk\/2019\/10\/28\/nove-stranky\/\" aria-label=\"\u010c\u00edtajte viac o M\u00fazeum \u010deskoslovensk\u00fdch l\u00e9gi\u00ed sp\u00fa\u0161\u0165a nov\u00fa webov\u00fa str\u00e1nku\" tabindex=\"-1\" >\n\t\t\tPre\u010d\u00edtajte si viac \"\t\t<\/a>\n\n\t\t\t\t<\/div>\n\t\t\t\t<div class=\"elementor-post__meta-data\">\n\t\t\t\t\t<span class=\"elementor-post-date\">\n\t\t\t28. 10. 2019\t\t<\/span>\n\t\t\t\t<span class=\"elementor-post-avatar\">\n\t\t\tJeden koment\u00e1r\t\t<\/span>\n\t\t\t\t<\/div>\n\t\t\t\t\t<\/div>\n\t\t<\/article>\n\t\t\t\t<\/div>\n\t\t\n\t\t\t\t\t\t<\/div>\n\t\t\t\t<\/div>\n\t\t\t\t\t<\/div>\n\t\t<\/div>\n\t\t\t\t\t<\/div>\n\t\t<\/section>\n\t\t\t\t<footer class=\"elementor-section elementor-top-section elementor-element elementor-element-3c7f00aa elementor-section-content-middle elementor-section-boxed elementor-section-height-default elementor-section-height-default\" data-id=\"3c7f00aa\" data-element_type=\"section\" data-e-type=\"section\" data-settings=\"{&quot;background_background&quot;:&quot;classic&quot;}\">\n\t\t\t\t\t\t<div class=\"elementor-container elementor-column-gap-default\">\n\t\t\t\t\t<div class=\"elementor-column elementor-col-100 elementor-top-column elementor-element elementor-element-51763733\" data-id=\"51763733\" data-element_type=\"column\" data-e-type=\"column\">\n\t\t\t<div class=\"elementor-widget-wrap elementor-element-populated\">\n\t\t\t\t\t\t<section class=\"elementor-section elementor-inner-section elementor-element elementor-element-443cd6d5 elementor-section-content-middle elementor-section-boxed elementor-section-height-default elementor-section-height-default\" data-id=\"443cd6d5\" data-element_type=\"section\" data-e-type=\"section\">\n\t\t\t\t\t\t<div class=\"elementor-container elementor-column-gap-default\">\n\t\t\t\t\t<div class=\"elementor-column elementor-col-50 elementor-inner-column elementor-element elementor-element-639a216\" data-id=\"639a216\" data-element_type=\"column\" data-e-type=\"column\">\n\t\t\t<div class=\"elementor-widget-wrap elementor-element-populated\">\n\t\t\t\t\t\t<div class=\"elementor-element elementor-element-51c6e6fa elementor-nav-menu__align-start elementor-nav-menu--dropdown-mobile elementor-nav-menu--stretch elementor-nav-menu__text-align-center elementor-nav-menu--toggle elementor-nav-menu--burger elementor-widget elementor-widget-nav-menu\" data-id=\"51c6e6fa\" data-element_type=\"widget\" data-e-type=\"widget\" data-settings=\"{&quot;full_width&quot;:&quot;stretch&quot;,&quot;layout&quot;:&quot;horizontal&quot;,&quot;submenu_icon&quot;:{&quot;value&quot;:&quot;&lt;i class=\\&quot;fas fa-caret-down\\&quot; aria-hidden=\\&quot;true\\&quot;&gt;&lt;\\\/i&gt;&quot;,&quot;library&quot;:&quot;fa-solid&quot;},&quot;toggle&quot;:&quot;burger&quot;}\" data-widget_type=\"nav-menu.default\">\n\t\t\t\t<div class=\"elementor-widget-container\">\n\t\t\t\t\t\t\t\t<nav aria-label=\"Ponuka\" class=\"elementor-nav-menu--main elementor-nav-menu__container elementor-nav-menu--layout-horizontal e--pointer-none\">\n\t\t\t\t<ul id=\"menu-1-51c6e6fa\" class=\"elementor-nav-menu\"><li class=\"menu-item menu-item-type-post_type menu-item-object-page menu-item-54\"><a href=\"https:\/\/muzeumlegii.cz\/sk\/o-muzeu\/\" class=\"elementor-item\">O m\u00fazeu<\/a><\/li>\n<li class=\"menu-item menu-item-type-post_type menu-item-object-page menu-item-has-children menu-item-55\"><a href=\"https:\/\/muzeumlegii.cz\/sk\/pribeh-ceskoslovenskych-legii\/\" class=\"elementor-item\">Pr\u00edbeh \u010deskoslovensk\u00fdch l\u00e9gi\u00ed<\/a>\n<ul class=\"sub-menu elementor-nav-menu--dropdown\">\n\t<li class=\"menu-item menu-item-type-post_type menu-item-object-page menu-item-293\"><a href=\"https:\/\/muzeumlegii.cz\/sk\/zacatek-1-svetove-valky\/\" class=\"elementor-sub-item\">Za\u010diatok prvej svetovej vojny<\/a><\/li>\n\t<li class=\"menu-item menu-item-type-post_type menu-item-object-page menu-item-107\"><a href=\"https:\/\/muzeumlegii.cz\/sk\/francie\/\" class=\"elementor-sub-item\">Vo Franc\u00fazsku<\/a><\/li>\n\t<li class=\"menu-item menu-item-type-post_type menu-item-object-page menu-item-106\"><a href=\"https:\/\/muzeumlegii.cz\/sk\/rusko\/\" class=\"elementor-sub-item\">V Rusku<\/a><\/li>\n\t<li class=\"menu-item menu-item-type-post_type menu-item-object-page menu-item-105\"><a href=\"https:\/\/muzeumlegii.cz\/sk\/italie\/\" class=\"elementor-sub-item\">V Taliansku<\/a><\/li>\n\t<li class=\"menu-item menu-item-type-post_type menu-item-object-page menu-item-103\"><a href=\"https:\/\/muzeumlegii.cz\/sk\/spojenecke-armady\/\" class=\"elementor-sub-item\">V spojeneck\u00fdch arm\u00e1dach<\/a><\/li>\n\t<li class=\"menu-item menu-item-type-post_type menu-item-object-page menu-item-104\"><a href=\"https:\/\/muzeumlegii.cz\/sk\/zachraneni-valecni-sirotci\/\" class=\"elementor-sub-item\">Zachr\u00e1nen\u00e9 vojnov\u00e9 siroty<\/a><\/li>\n<\/ul>\n<\/li>\n<li class=\"menu-item menu-item-type-post_type menu-item-object-page menu-item-194\"><a href=\"https:\/\/muzeumlegii.cz\/sk\/vyhledani-legionaru\/\" class=\"elementor-item\">H\u013eadanie legion\u00e1rov<\/a><\/li>\n<li class=\"menu-item menu-item-type-post_type menu-item-object-page menu-item-56\"><a href=\"https:\/\/muzeumlegii.cz\/sk\/novinky\/\" class=\"elementor-item\">Novinky<\/a><\/li>\n<li class=\"menu-item menu-item-type-post_type menu-item-object-page menu-item-57\"><a href=\"https:\/\/muzeumlegii.cz\/sk\/kontakt\/\" class=\"elementor-item\">Kontakt a otv\u00e1racie hodiny<\/a><\/li>\n<\/ul>\t\t\t<\/nav>\n\t\t\t\t\t<div class=\"elementor-menu-toggle\" role=\"button\" tabindex=\"0\" aria-label=\"Prep\u00edna\u010d menu\" aria-expanded=\"false\">\n\t\t\t<i aria-hidden=\"true\" role=\"presentation\" class=\"elementor-menu-toggle__icon--open eicon-menu-bar\"><\/i><i aria-hidden=\"true\" role=\"presentation\" class=\"elementor-menu-toggle__icon--close eicon-close\"><\/i>\t\t<\/div>\n\t\t\t\t\t<nav class=\"elementor-nav-menu--dropdown elementor-nav-menu__container\" aria-hidden=\"true\">\n\t\t\t\t<ul id=\"menu-2-51c6e6fa\" class=\"elementor-nav-menu\"><li class=\"menu-item menu-item-type-post_type menu-item-object-page menu-item-54\"><a href=\"https:\/\/muzeumlegii.cz\/sk\/o-muzeu\/\" class=\"elementor-item\" tabindex=\"-1\">O m\u00fazeu<\/a><\/li>\n<li class=\"menu-item menu-item-type-post_type menu-item-object-page menu-item-has-children menu-item-55\"><a href=\"https:\/\/muzeumlegii.cz\/sk\/pribeh-ceskoslovenskych-legii\/\" class=\"elementor-item\" tabindex=\"-1\">Pr\u00edbeh \u010deskoslovensk\u00fdch l\u00e9gi\u00ed<\/a>\n<ul class=\"sub-menu elementor-nav-menu--dropdown\">\n\t<li class=\"menu-item menu-item-type-post_type menu-item-object-page menu-item-293\"><a href=\"https:\/\/muzeumlegii.cz\/sk\/zacatek-1-svetove-valky\/\" class=\"elementor-sub-item\" tabindex=\"-1\">Za\u010diatok prvej svetovej vojny<\/a><\/li>\n\t<li class=\"menu-item menu-item-type-post_type menu-item-object-page menu-item-107\"><a href=\"https:\/\/muzeumlegii.cz\/sk\/francie\/\" class=\"elementor-sub-item\" tabindex=\"-1\">Vo Franc\u00fazsku<\/a><\/li>\n\t<li class=\"menu-item menu-item-type-post_type menu-item-object-page menu-item-106\"><a href=\"https:\/\/muzeumlegii.cz\/sk\/rusko\/\" class=\"elementor-sub-item\" tabindex=\"-1\">V Rusku<\/a><\/li>\n\t<li class=\"menu-item menu-item-type-post_type menu-item-object-page menu-item-105\"><a href=\"https:\/\/muzeumlegii.cz\/sk\/italie\/\" class=\"elementor-sub-item\" tabindex=\"-1\">V Taliansku<\/a><\/li>\n\t<li class=\"menu-item menu-item-type-post_type menu-item-object-page menu-item-103\"><a href=\"https:\/\/muzeumlegii.cz\/sk\/spojenecke-armady\/\" class=\"elementor-sub-item\" tabindex=\"-1\">V spojeneck\u00fdch arm\u00e1dach<\/a><\/li>\n\t<li class=\"menu-item menu-item-type-post_type menu-item-object-page menu-item-104\"><a href=\"https:\/\/muzeumlegii.cz\/sk\/zachraneni-valecni-sirotci\/\" class=\"elementor-sub-item\" tabindex=\"-1\">Zachr\u00e1nen\u00e9 vojnov\u00e9 siroty<\/a><\/li>\n<\/ul>\n<\/li>\n<li class=\"menu-item menu-item-type-post_type menu-item-object-page menu-item-194\"><a href=\"https:\/\/muzeumlegii.cz\/sk\/vyhledani-legionaru\/\" class=\"elementor-item\" tabindex=\"-1\">H\u013eadanie legion\u00e1rov<\/a><\/li>\n<li class=\"menu-item menu-item-type-post_type menu-item-object-page menu-item-56\"><a href=\"https:\/\/muzeumlegii.cz\/sk\/novinky\/\" class=\"elementor-item\" tabindex=\"-1\">Novinky<\/a><\/li>\n<li class=\"menu-item menu-item-type-post_type menu-item-object-page menu-item-57\"><a href=\"https:\/\/muzeumlegii.cz\/sk\/kontakt\/\" class=\"elementor-item\" tabindex=\"-1\">Kontakt a otv\u00e1racie hodiny<\/a><\/li>\n<\/ul>\t\t\t<\/nav>\n\t\t\t\t\t\t<\/div>\n\t\t\t\t<\/div>\n\t\t\t\t\t<\/div>\n\t\t<\/div>\n\t\t\t\t<div class=\"elementor-column elementor-col-50 elementor-inner-column elementor-element elementor-element-5418dc42\" data-id=\"5418dc42\" data-element_type=\"column\" data-e-type=\"column\">\n\t\t\t<div class=\"elementor-widget-wrap elementor-element-populated\">\n\t\t\t\t\t\t<div class=\"elementor-element elementor-element-64c63d04 elementor-widget elementor-widget-heading\" data-id=\"64c63d04\" data-element_type=\"widget\" data-e-type=\"widget\" data-widget_type=\"heading.default\">\n\t\t\t\t<div class=\"elementor-widget-container\">\n\t\t\t\t\t<p class=\"elementor-heading-title elementor-size-default\"><a href=\"tel:+420727866525\">\n\ud83d\udcde +420 727 866 525\n<\/a><\/p>\t\t\t\t<\/div>\n\t\t\t\t<\/div>\n\t\t\t\t<div class=\"elementor-element elementor-element-6725886 elementor-widget elementor-widget-heading\" data-id=\"6725886\" data-element_type=\"widget\" data-e-type=\"widget\" data-widget_type=\"heading.default\">\n\t\t\t\t<div class=\"elementor-widget-container\">\n\t\t\t\t\t<p class=\"elementor-heading-title elementor-size-default\"><a href=\"mailto:zuffakuncom@seznam.cz\">\u2709 zuffakuncom@seznam.cz<\/a><\/p>\t\t\t\t<\/div>\n\t\t\t\t<\/div>\n\t\t\t\t<div class=\"elementor-element elementor-element-a20a5ea elementor-widget elementor-widget-global elementor-global-436 elementor-widget-heading\" data-id=\"a20a5ea\" data-element_type=\"widget\" data-e-type=\"widget\" data-widget_type=\"heading.default\">\n\t\t\t\t<div class=\"elementor-widget-container\">\n\t\t\t\t\t<p class=\"elementor-heading-title elementor-size-default\"><a href=\"https:\/\/muzeumlegii.cz\/sk\/zasady-ochrany-osobnich-udaju\/\">Z\u00e1sady ochrany osobn\u00fdch \u00fadajov<\/a><\/p>\t\t\t\t<\/div>\n\t\t\t\t<\/div>\n\t\t\t\t\t<\/div>\n\t\t<\/div>\n\t\t\t\t\t<\/div>\n\t\t<\/section>\n\t\t\t\t\t<\/div>\n\t\t<\/div>\n\t\t\t\t\t<\/div>\n\t\t<\/footer>\n\t\t\t\t<\/div>","protected":false},"excerpt":{"rendered":"<p>Novinky \ud83d\udcde +420 727 866 525 \u2709 zuffakuncom@seznam.cz Ochrana osobn\u00fdch \u00fadajov<\/p>","protected":false},"author":1,"featured_media":0,"parent":0,"menu_order":0,"comment_status":"closed","ping_status":"closed","template":"elementor_header_footer","meta":{"footnotes":""},"class_list":["post-50","page","type-page","status-publish","hentry"],"_links":{"self":[{"href":"https:\/\/muzeumlegii.cz\/sk\/wp-json\/wp\/v2\/pages\/50","targetHints":{"allow":["GET"]}}],"collection":[{"href":"https:\/\/muzeumlegii.cz\/sk\/wp-json\/wp\/v2\/pages"}],"about":[{"href":"https:\/\/muzeumlegii.cz\/sk\/wp-json\/wp\/v2\/types\/page"}],"author":[{"embeddable":true,"href":"https:\/\/muzeumlegii.cz\/sk\/wp-json\/wp\/v2\/users\/1"}],"replies":[{"embeddable":true,"href":"https:\/\/muzeumlegii.cz\/sk\/wp-json\/wp\/v2\/comments?post=50"}],"version-history":[{"count":18,"href":"https:\/\/muzeumlegii.cz\/sk\/wp-json\/wp\/v2\/pages\/50\/revisions"}],"predecessor-version":[{"id":681,"href":"https:\/\/muzeumlegii.cz\/sk\/wp-json\/wp\/v2\/pages\/50\/revisions\/681"}],"wp:attachment":[{"href":"https:\/\/muzeumlegii.cz\/sk\/wp-json\/wp\/v2\/media?parent=50"}],"curies":[{"name":"wp","href":"https:\/\/api.w.org\/{rel}","templated":true}]}}