{"id":408,"date":"2020-01-06T14:57:30","date_gmt":"2020-01-06T13:57:30","guid":{"rendered":"https:\/\/muzeumlegii.cz\/?page_id=408"},"modified":"2022-01-21T08:43:45","modified_gmt":"2022-01-21T07:43:45","slug":"zasady-ochrany-osobnich-udaju","status":"publish","type":"page","link":"https:\/\/muzeumlegii.cz\/sk\/zasady-ochrany-osobnich-udaju\/","title":{"rendered":"Z\u00e1sady ochrany osobn\u00fdch \u00fadajov"},"content":{"rendered":"<div data-elementor-type=\"wp-page\" data-elementor-id=\"408\" class=\"elementor elementor-408\" data-elementor-post-type=\"page\">\n\t\t\t\t\t\t<section class=\"elementor-section elementor-top-section elementor-element elementor-element-3a5dd11 elementor-section-boxed elementor-section-height-default elementor-section-height-default\" data-id=\"3a5dd11\" data-element_type=\"section\" data-e-type=\"section\">\n\t\t\t\t\t\t<div class=\"elementor-container elementor-column-gap-default\">\n\t\t\t\t\t<div class=\"elementor-column elementor-col-100 elementor-top-column elementor-element elementor-element-6916454\" data-id=\"6916454\" data-element_type=\"column\" data-e-type=\"column\">\n\t\t\t<div class=\"elementor-widget-wrap elementor-element-populated\">\n\t\t\t\t\t\t<div class=\"elementor-element elementor-element-299f10f elementor-widget elementor-widget-text-editor\" data-id=\"299f10f\" data-element_type=\"widget\" data-e-type=\"widget\" data-widget_type=\"text-editor.default\">\n\t\t\t\t<div class=\"elementor-widget-container\">\n\t\t\t\t\t\t\t\t\t<div><p>Z\u00e1sady ochrany osobn\u00fdch \u00fadajov<\/p><p>I.<\/p><p>Z\u00e1kladn\u00e9 ustanovenia<\/p><p>Prev\u00e1dzkovate\u013eom osobn\u00fdch \u00fadajov pod\u013ea \u010dl. 4 ods. 7 nariadenia Eur\u00f3pskeho parlamentu a Rady (E\u00da) 2016\/679 o ochrane fyzick\u00fdch os\u00f4b pri sprac\u00favan\u00ed osobn\u00fdch \u00fadajov a o vo\u013enom pohybe tak\u00fdchto \u00fadajov (\u010falej len \"GDPR\") je M\u00daZEUM \u010cS. LEGI\u00cd z.s. <span style=\"color: #000000; font-family: arial, tahoma, sans-serif; font-size: 15px;\">.<\/span> ID 22713999 so s\u00eddlom 1. m\u00e1je 821\/3, 779 00 Olomouc (\u010falej len: \"spr\u00e1vca\").<\/p><p>Kontaktn\u00e9 \u00fadaje spr\u00e1vcu s\u00fa<\/p><p>T\u0159\u00edda spojenc\u016f 9, 77900 Olomouc<\/p><p>E-mail: zuffakuncom@seznam.cz\u00a0<\/p><p>Telef\u00f3n: +420727866525<\/p><p>Osobn\u00e9 \u00fadaje s\u00fa ak\u00e9ko\u013evek inform\u00e1cie o identifikovanej alebo identifikovate\u013enej fyzickej osobe; identifikovate\u013en\u00e1 fyzick\u00e1 osoba je fyzick\u00e1 osoba, ktor\u00fa mo\u017eno priamo alebo nepriamo identifikova\u0165, najm\u00e4 odkazom na identifik\u00e1tor, ako je meno, identifika\u010dn\u00e9 \u010d\u00edslo, lokaliza\u010dn\u00e9 \u00fadaje, sie\u0165ov\u00fd identifik\u00e1tor alebo na jeden \u010di viacero \u0161pecifick\u00fdch prvkov fyzickej, fyziologickej, genetickej, ment\u00e1lnej, ekonomickej, kult\u00farnej alebo soci\u00e1lnej identity tejto fyzickej osoby.<\/p><p>Prev\u00e1dzkovate\u013e nevymenoval \u00faradn\u00edka pre ochranu \u00fadajov.\u00a0<\/p><p>II.<\/p><p>Zdroje a kateg\u00f3rie sprac\u00favan\u00fdch osobn\u00fdch \u00fadajov<\/p><p>Prev\u00e1dzkovate\u013e sprac\u00fava osobn\u00e9 \u00fadaje, ktor\u00e9 ste mu poskytli, alebo osobn\u00e9 \u00fadaje, ktor\u00e9 prev\u00e1dzkovate\u013e z\u00edskal na z\u00e1klade vybavenia va\u0161ej objedn\u00e1vky.<\/p><p>Prev\u00e1dzkovate\u013e sprac\u00fava va\u0161e identifika\u010dn\u00e9, kontaktn\u00e9 a \u00fadaje potrebn\u00e9 na plnenie zmluvy.<\/p><p>III.<\/p><p>Z\u00e1konn\u00fd d\u00f4vod a \u00fa\u010del spracovania osobn\u00fdch \u00fadajov<\/p><p>Z\u00e1konn\u00fdm d\u00f4vodom na spracovanie osobn\u00fdch \u00fadajov je<\/p><p>plnenie zmluvy medzi vami a prev\u00e1dzkovate\u013eom pod\u013ea \u010dl\u00e1nku 6 ods. 1 p\u00edsm. b) GDPR,<\/p><p>opr\u00e1vnen\u00fd z\u00e1ujem prev\u00e1dzkovate\u013ea na poskytovan\u00ed priameho marketingu (najm\u00e4 na zasielanie obchodn\u00fdch ozn\u00e1men\u00ed a newsletterov) pod\u013ea \u010dl\u00e1nku 6 ods. 1 p\u00edsm. f) GDPR,<\/p><p>V\u00e1\u0161 s\u00fahlas so spracovan\u00edm na \u00fa\u010dely poskytovania priameho marketingu (najm\u00e4 na zasielanie obchodn\u00fdch ozn\u00e1men\u00ed a newsletterov) pod\u013ea \u010dl\u00e1nku 6 ods. 1 p\u00edsm. a) GDPR v spojen\u00ed s \u00a7 7 ods. 2 z\u00e1kona \u010d. 480\/2004 Z. z. o niektor\u00fdch slu\u017eb\u00e1ch informa\u010dnej spolo\u010dnosti v pr\u00edpade, \u017ee nedo\u0161lo k objedn\u00e1vke tovaru alebo slu\u017eieb.<\/p><p>\u00da\u010delom spracovania osobn\u00fdch \u00fadajov je<\/p><p>spracovanie va\u0161ej objedn\u00e1vky a v\u00fdkon pr\u00e1v a povinnost\u00ed vypl\u00fdvaj\u00facich zo zmluvn\u00e9ho vz\u0165ahu medzi vami a prev\u00e1dzkovate\u013eom; pri zad\u00e1van\u00ed objedn\u00e1vky sa vy\u017eaduj\u00fa osobn\u00e9 \u00fadaje potrebn\u00e9 na \u00faspe\u0161n\u00e9 spracovanie objedn\u00e1vky (meno a adresa, kontakt),<\/p><\/div><div><p>1<\/p><\/div><div>\u00a0<\/div><div><div><p>poskytnutie osobn\u00fdch \u00fadajov je nevyhnutnou po\u017eiadavkou na uzavretie a plnenie zmluvy, bez poskytnutia osobn\u00fdch \u00fadajov nem\u00f4\u017ee prev\u00e1dzkovate\u013e zmluvu uzavrie\u0165 alebo plni\u0165,<\/p><p>zasielanie obchodn\u00fdch ozn\u00e1men\u00ed a vykon\u00e1vanie \u010fal\u0161\u00edch marketingov\u00fdch \u010dinnost\u00ed.<\/p><p>Zo strany prev\u00e1dzkovate\u013ea nedoch\u00e1dza k automatick\u00e9mu individu\u00e1lnemu rozhodovaniu v zmysle \u010dl\u00e1nku 22 GDPR. S tak\u00fdmto spracovan\u00edm ste udelili svoj v\u00fdslovn\u00fd s\u00fahlas.<\/p><p>IV.<\/p><p>Obdobie uchov\u00e1vania \u00fadajov<\/p><p>Prev\u00e1dzkovate\u013e uklad\u00e1 osobn\u00e9 \u00fadaje<\/p><p>po dobu nevyhnutn\u00fa na v\u00fdkon pr\u00e1v a povinnost\u00ed vypl\u00fdvaj\u00facich zo zmluvn\u00e9ho vz\u0165ahu medzi vami a prev\u00e1dzkovate\u013eom a na uplatnenie n\u00e1rokov vypl\u00fdvaj\u00facich z tohto zmluvn\u00e9ho vz\u0165ahu (po dobu 15 rokov od ukon\u010denia zmluvn\u00e9ho vz\u0165ahu).<\/p><p>po dobu, ne\u017e sa odvol\u00e1 s\u00fahlas so spracovan\u00edm osobn\u00fdch \u00fadajov na marketingov\u00e9 \u00fa\u010dely, ale nie dlh\u0161ie ako 10 rokov, ak sa osobn\u00e9 \u00fadaje sprac\u00favaj\u00fa na z\u00e1klade s\u00fahlasu.<\/p><p>Po uplynut\u00ed doby uchov\u00e1vania prev\u00e1dzkovate\u013e osobn\u00e9 \u00fadaje vyma\u017ee.<\/p><p>V.<\/p><p>Pr\u00edjemcovia osobn\u00fdch \u00fadajov (subdod\u00e1vatelia prev\u00e1dzkovate\u013ea)<\/p><p>Pr\u00edjemcovia osobn\u00fdch \u00fadajov s\u00fa osoby<\/p><p>zapojen\u00ed do dod\u00e1vok tovaru\/slu\u017eieb\/platieb pod\u013ea zmluvy,<\/p><p>zapojen\u00e9 do prev\u00e1dzky slu\u017eieb,<\/p><p>poskytovanie marketingov\u00fdch slu\u017eieb.<\/p><p>Prev\u00e1dzkovate\u013e m\u00e1 v \u00famysle prenies\u0165 osobn\u00e9 \u00fadaje do tretej krajiny (krajiny mimo E\u00da) alebo medzin\u00e1rodnej organiz\u00e1cii. Pr\u00edjemcami osobn\u00fdch \u00fadajov v tret\u00edch krajin\u00e1ch s\u00fa poskytovatelia po\u0161tov\u00fdch slu\u017eieb a cloudov\u00fdch slu\u017eieb.<\/p><p>VI.<\/p><p>Va\u0161e pr\u00e1va<\/p><p>Pod\u013ea podmienok GDPR m\u00e1te<\/p><p>pr\u00e1vo na pr\u00edstup k va\u0161im osobn\u00fdm \u00fadajom pod\u013ea \u010dl\u00e1nku 15 GDPR,<\/p><p>pr\u00e1vo na opravu osobn\u00fdch \u00fadajov pod\u013ea \u010dl\u00e1nku 16 GDPR alebo na obmedzenie spracovania pod\u013ea \u010dl\u00e1nku 18 GDPR.<\/p><p>pr\u00e1vo na vymazanie osobn\u00fdch \u00fadajov pod\u013ea \u010dl\u00e1nku 17 GDPR.<\/p><p>pr\u00e1vo namieta\u0165 proti spracovaniu pod\u013ea \u010dl\u00e1nku 21 GDPR a<\/p><p>pr\u00e1vo na prenosnos\u0165 \u00fadajov pod\u013ea \u010dl\u00e1nku 20 GDPR.<\/p><p>pr\u00e1vo odvola\u0165 s\u00fahlas so spracovan\u00edm p\u00edsomne alebo elektronicky na adresu alebo e-mail prev\u00e1dzkovate\u013ea uveden\u00fd v \u010dl\u00e1nku III t\u00fdchto podmienok.<\/p><p>M\u00e1te tie\u017e pr\u00e1vo poda\u0165 s\u0165a\u017enos\u0165 na \u00darad na ochranu osobn\u00fdch \u00fadajov, ak sa domnievate, \u017ee bolo poru\u0161en\u00e9 va\u0161e pr\u00e1vo na ochranu osobn\u00fdch \u00fadajov.<\/p><p>VII.<\/p><\/div><\/div><div><p>2<\/p><\/div><div>\u00a0<\/div><div><div><p>Podmienky zabezpe\u010denia osobn\u00fdch \u00fadajov<\/p><p>Prev\u00e1dzkovate\u013e vyhlasuje, \u017ee prijal v\u0161etky primeran\u00e9 technick\u00e9 a organiza\u010dn\u00e9 opatrenia na ochranu osobn\u00fdch \u00fadajov.<\/p><p>Prev\u00e1dzkovate\u013e prijal technick\u00e9 opatrenia na zabezpe\u010denie uchov\u00e1vania \u00fadajov a uchov\u00e1vania osobn\u00fdch \u00fadajov v papierovej forme.<\/p><p>Prev\u00e1dzkovate\u013e vyhlasuje, \u017ee k osobn\u00fdm \u00fadajom maj\u00fa pr\u00edstup len n\u00edm poveren\u00e9 osoby.<\/p><p>VIII.<\/p><p>Z\u00e1vere\u010dn\u00e9 ustanovenia<\/p><p>Odoslan\u00edm objedn\u00e1vky z online objedn\u00e1vkov\u00e9ho formul\u00e1ra potvrdzujete, \u017ee ste sa obozn\u00e1mili s podmienkami ochrany osobn\u00fdch \u00fadajov a \u017ee ich v plnom rozsahu prij\u00edmate.<\/p><p>S t\u00fdmito podmienkami s\u00fahlas\u00edte za\u0161krtnut\u00edm pol\u00ed\u010dka s\u00fahlasu v online formul\u00e1ri. Za\u0161krtnut\u00edm s\u00fahlasu potvrdzujete, \u017ee ste sa obozn\u00e1mili so z\u00e1sadami ochrany osobn\u00fdch \u00fadajov a \u017ee ich v plnom rozsahu prij\u00edmate.<\/p><p>Spr\u00e1vca je opr\u00e1vnen\u00fd tieto podmienky zmeni\u0165. Nov\u00fa verziu z\u00e1sad ochrany osobn\u00fdch \u00fadajov zverejn\u00ed na svojej webovej str\u00e1nke alebo v\u00e1m za\u0161le nov\u00fa verziu z\u00e1sad ochrany osobn\u00fdch \u00fadajov na e-mailov\u00fa adresu, ktor\u00fa ste spr\u00e1vcovi poskytli.<\/p><p>Tieto podmienky nadobudn\u00fa \u00fa\u010dinnos\u0165 1. janu\u00e1ra 2020.<\/p><\/div><\/div>\t\t\t\t\t\t\t\t<\/div>\n\t\t\t\t<\/div>\n\t\t\t\t\t<\/div>\n\t\t<\/div>\n\t\t\t\t\t<\/div>\n\t\t<\/section>\n\t\t\t\t<\/div>","protected":false},"excerpt":{"rendered":"<p>Z\u00e1sady ochrany osobn\u00fdch \u00fadajov I. Z\u00e1kladn\u00e9 ustanovenia Prev\u00e1dzkovate\u013eom osobn\u00fdch \u00fadajov pod\u013ea \u010dl. 4 ods. 7 nariadenia Eur\u00f3pskeho parlamentu a Rady (E\u00da) 2016\/679 o ochrane fyzick\u00fdch os\u00f4b pri sprac\u00favan\u00ed osobn\u00fdch \u00fadajov a o vo\u013enom pohybe tak\u00fdchto \u00fadajov (\u010falej len \"GDPR\") je M\u00daZEUM \u010cS. LEGIE z.s. I\u010cO: 22713999 so s\u00eddlom: 1. m\u00e1ja 821\/3, 779 ... <a title=\"Z\u00e1sady ochrany osobn\u00fdch \u00fadajov\" class=\"read-more\" href=\"https:\/\/muzeumlegii.cz\/sk\/zasady-ochrany-osobnich-udaju\/\" aria-label=\"Pre\u010d\u00edtajte si viac o z\u00e1sad\u00e1ch ochrany osobn\u00fdch \u00fadajov\">Pre\u010d\u00edtajte si viac<\/a><\/p>","protected":false},"author":1,"featured_media":0,"parent":0,"menu_order":0,"comment_status":"closed","ping_status":"closed","template":"","meta":{"footnotes":""},"class_list":["post-408","page","type-page","status-publish"],"_links":{"self":[{"href":"https:\/\/muzeumlegii.cz\/sk\/wp-json\/wp\/v2\/pages\/408","targetHints":{"allow":["GET"]}}],"collection":[{"href":"https:\/\/muzeumlegii.cz\/sk\/wp-json\/wp\/v2\/pages"}],"about":[{"href":"https:\/\/muzeumlegii.cz\/sk\/wp-json\/wp\/v2\/types\/page"}],"author":[{"embeddable":true,"href":"https:\/\/muzeumlegii.cz\/sk\/wp-json\/wp\/v2\/users\/1"}],"replies":[{"embeddable":true,"href":"https:\/\/muzeumlegii.cz\/sk\/wp-json\/wp\/v2\/comments?post=408"}],"version-history":[{"count":5,"href":"https:\/\/muzeumlegii.cz\/sk\/wp-json\/wp\/v2\/pages\/408\/revisions"}],"predecessor-version":[{"id":708,"href":"https:\/\/muzeumlegii.cz\/sk\/wp-json\/wp\/v2\/pages\/408\/revisions\/708"}],"wp:attachment":[{"href":"https:\/\/muzeumlegii.cz\/sk\/wp-json\/wp\/v2\/media?parent=408"}],"curies":[{"name":"wp","href":"https:\/\/api.w.org\/{rel}","templated":true}]}}