{"id":291,"date":"2019-12-03T16:25:27","date_gmt":"2019-12-03T15:25:27","guid":{"rendered":"http:\/\/muzeumlegii.cz\/?page_id=291"},"modified":"2022-01-21T08:42:50","modified_gmt":"2022-01-21T07:42:50","slug":"zacatek-1-svetove-valky","status":"publish","type":"page","link":"https:\/\/muzeumlegii.cz\/sk\/zacatek-1-svetove-valky\/","title":{"rendered":"Za\u010diatok prvej svetovej vojny"},"content":{"rendered":"<div data-elementor-type=\"wp-page\" data-elementor-id=\"291\" class=\"elementor elementor-291\" data-elementor-post-type=\"page\">\n\t\t\t\t\t\t<section class=\"elementor-section elementor-top-section elementor-element elementor-element-ee9e8e0 elementor-section-boxed elementor-section-height-default elementor-section-height-default\" data-id=\"ee9e8e0\" data-element_type=\"section\" data-e-type=\"section\">\n\t\t\t\t\t\t<div class=\"elementor-container elementor-column-gap-default\">\n\t\t\t\t\t<div class=\"elementor-column elementor-col-100 elementor-top-column elementor-element elementor-element-7ceda79\" data-id=\"7ceda79\" data-element_type=\"column\" data-e-type=\"column\">\n\t\t\t<div class=\"elementor-widget-wrap elementor-element-populated\">\n\t\t\t\t\t\t<div class=\"elementor-element elementor-element-b0e5d7d elementor-widget elementor-widget-spacer\" data-id=\"b0e5d7d\" data-element_type=\"widget\" data-e-type=\"widget\" data-widget_type=\"spacer.default\">\n\t\t\t\t<div class=\"elementor-widget-container\">\n\t\t\t\t\t\t\t<div class=\"elementor-spacer\">\n\t\t\t<div class=\"elementor-spacer-inner\"><\/div>\n\t\t<\/div>\n\t\t\t\t\t\t<\/div>\n\t\t\t\t<\/div>\n\t\t\t\t<div class=\"elementor-element elementor-element-966208e elementor-widget elementor-widget-html\" data-id=\"966208e\" data-element_type=\"widget\" data-e-type=\"widget\" data-widget_type=\"html.default\">\n\t\t\t\t<div class=\"elementor-widget-container\">\n\t\t\t\t\t<!-- Global site tag (gtag.js) - Google Analytics -->\n<script async src=\"https:\/\/www.googletagmanager.com\/gtag\/js?id=UA-115740275-3\"><\/script>\n<script>\n  window.dataLayer = window.dataLayer || [];\n  function gtag(){dataLayer.push(arguments);}\n  gtag('js', new Date());\n\n  gtag('config', 'UA-115740275-3');\n<\/script>\n\t\t\t\t<\/div>\n\t\t\t\t<\/div>\n\t\t\t\t<div class=\"elementor-element elementor-element-0f7e653 elementor-widget elementor-widget-heading\" data-id=\"0f7e653\" data-element_type=\"widget\" data-e-type=\"widget\" data-widget_type=\"heading.default\">\n\t\t\t\t<div class=\"elementor-widget-container\">\n\t\t\t\t\t<h2 class=\"elementor-heading-title elementor-size-default\">Za\u010diatok prvej svetovej vojny<\/h2>\t\t\t\t<\/div>\n\t\t\t\t<\/div>\n\t\t\t\t<section class=\"elementor-section elementor-inner-section elementor-element elementor-element-8b34c17 elementor-section-boxed elementor-section-height-default elementor-section-height-default\" data-id=\"8b34c17\" data-element_type=\"section\" data-e-type=\"section\">\n\t\t\t\t\t\t<div class=\"elementor-container elementor-column-gap-default\">\n\t\t\t\t\t<div class=\"elementor-column elementor-col-50 elementor-inner-column elementor-element elementor-element-47a7985\" data-id=\"47a7985\" data-element_type=\"column\" data-e-type=\"column\">\n\t\t\t<div class=\"elementor-widget-wrap elementor-element-populated\">\n\t\t\t\t\t\t<div class=\"elementor-element elementor-element-91851dd elementor-widget elementor-widget-text-editor\" data-id=\"91851dd\" data-element_type=\"widget\" data-e-type=\"widget\" data-widget_type=\"text-editor.default\">\n\t\t\t\t<div class=\"elementor-widget-container\">\n\t\t\t\t\t\t\t\t\t<p>V\u00fdstrely, ktor\u00e9 28. j\u00fana 1914 zabili rak\u00faskeho arcivojvodu, neboli skuto\u010dnou pr\u00ed\u010dinou vojnovej ma\u0161in\u00e9rie prvej svetovej vojny. Nemecko u\u017e predt\u00fdm pripravilo vojensk\u00fd \"Schlieffenov pl\u00e1n\", ktor\u00fd mal prekvapi\u0165 Franc\u00fazsko, Belgicko a Ve\u013ek\u00fa Brit\u00e1niu.\u00a0<\/p><p>Jej kone\u010dn\u00fdm cie\u013eom bolo vytvori\u0165 nemeck\u00fa stredn\u00fa Eur\u00f3pu (Mitteleurope), ktor\u00e1 by zah\u0155\u0148ala existuj\u00facu habsbursk\u00fa monarchiu, Balk\u00e1n a \u010das\u0165 v\u00fdchodnej Eur\u00f3py ovl\u00e1dan\u00fa Ruskom.<\/p><p>Rak\u00fasko-Uhorsko tie\u017e pova\u017eovalo pr\u00edpadn\u00fa vojnu za pr\u00edle\u017eitos\u0165<br \/>\"rie\u0161i\u0165 n\u00e1rodnostn\u00e9 probl\u00e9my habsburskej r\u00ed\u0161e na \u00fakor slovansk\u00fdch n\u00e1rodov. Okrem in\u00e9ho by sa t\u00fdm vyrie\u0161il aj dvadsa\u0165trimili\u00f3nov\u00fd konflikt v Srbsku.\u00a0<\/p><p>Postupne sa priepas\u0165 medzi znepriatelen\u00fdmi mocnos\u0165ami preh\u013abila nato\u013eko.<br \/>a diplomaticky nerie\u0161ite\u013en\u00e9, \u017ee sarajevsk\u00fd atent\u00e1t na Franti\u0161ka Ferdinanda bol vhodnou z\u00e1mienkou na vyhl\u00e1senie a za\u010datie vojny.<\/p>\t\t\t\t\t\t\t\t<\/div>\n\t\t\t\t<\/div>\n\t\t\t\t\t<\/div>\n\t\t<\/div>\n\t\t\t\t<div class=\"elementor-column elementor-col-50 elementor-inner-column elementor-element elementor-element-3bb3b9e\" data-id=\"3bb3b9e\" data-element_type=\"column\" data-e-type=\"column\">\n\t\t\t<div class=\"elementor-widget-wrap elementor-element-populated\">\n\t\t\t\t\t\t<div class=\"elementor-element elementor-element-8c43211 elementor-widget elementor-widget-image\" data-id=\"8c43211\" data-element_type=\"widget\" data-e-type=\"widget\" data-widget_type=\"image.default\">\n\t\t\t\t<div class=\"elementor-widget-container\">\n\t\t\t\t\t\t\t\t\t\t\t\t\t\t\t\t<a href=\"https:\/\/muzeumlegii.cz\/wp-content\/uploads\/2020\/02\/1.-Arcikn\u00ed\u017ee-s-chot\u00ed-Edited.jpg\" data-elementor-open-lightbox=\"yes\" data-elementor-lightbox-title=\"1. - Arcikn\u00ed\u017ee s chot\u00ed - Edited\" data-e-action-hash=\"#elementor-action%3Aaction%3Dlightbox%26settings%3DeyJpZCI6NTI0LCJ1cmwiOiJodHRwczpcL1wvbXV6ZXVtbGVnaWkuY3pcL3dwLWNvbnRlbnRcL3VwbG9hZHNcLzIwMjBcLzAyXC8xLi1BcmNpa25cdTAwZWRcdTAxN2VlLXMtY2hvdFx1MDBlZC1FZGl0ZWQuanBnIn0%3D\">\n\t\t\t\t\t\t\t<img fetchpriority=\"high\" decoding=\"async\" width=\"1024\" height=\"683\" src=\"https:\/\/muzeumlegii.cz\/wp-content\/uploads\/2020\/02\/1.-Arcikn\u00ed\u017ee-s-chot\u00ed-Edited-1024x683.jpg\" class=\"attachment-large size-large wp-image-524\" alt=\"\" srcset=\"https:\/\/muzeumlegii.cz\/wp-content\/uploads\/2020\/02\/1.-Arcikn\u00ed\u017ee-s-chot\u00ed-Edited-1024x683.jpg 1024w, https:\/\/muzeumlegii.cz\/wp-content\/uploads\/2020\/02\/1.-Arcikn\u00ed\u017ee-s-chot\u00ed-Edited-300x200.jpg 300w, https:\/\/muzeumlegii.cz\/wp-content\/uploads\/2020\/02\/1.-Arcikn\u00ed\u017ee-s-chot\u00ed-Edited-768x512.jpg 768w, https:\/\/muzeumlegii.cz\/wp-content\/uploads\/2020\/02\/1.-Arcikn\u00ed\u017ee-s-chot\u00ed-Edited-1536x1024.jpg 1536w, https:\/\/muzeumlegii.cz\/wp-content\/uploads\/2020\/02\/1.-Arcikn\u00ed\u017ee-s-chot\u00ed-Edited.jpg 1723w\" sizes=\"(max-width: 1024px) 100vw, 1024px\" \/>\t\t\t\t\t\t\t\t<\/a>\n\t\t\t\t\t\t\t\t\t\t\t\t\t\t\t<\/div>\n\t\t\t\t<\/div>\n\t\t\t\t\t<\/div>\n\t\t<\/div>\n\t\t\t\t\t<\/div>\n\t\t<\/section>\n\t\t\t\t<section class=\"elementor-section elementor-inner-section elementor-element elementor-element-697a4d1 elementor-reverse-mobile elementor-section-boxed elementor-section-height-default elementor-section-height-default\" data-id=\"697a4d1\" data-element_type=\"section\" data-e-type=\"section\">\n\t\t\t\t\t\t<div class=\"elementor-container elementor-column-gap-default\">\n\t\t\t\t\t<div class=\"elementor-column elementor-col-50 elementor-inner-column elementor-element elementor-element-83ddc67\" data-id=\"83ddc67\" data-element_type=\"column\" data-e-type=\"column\">\n\t\t\t<div class=\"elementor-widget-wrap elementor-element-populated\">\n\t\t\t\t\t\t<div class=\"elementor-element elementor-element-2085d40 elementor-widget elementor-widget-image\" data-id=\"2085d40\" data-element_type=\"widget\" data-e-type=\"widget\" data-widget_type=\"image.default\">\n\t\t\t\t<div class=\"elementor-widget-container\">\n\t\t\t\t\t\t\t\t\t\t\t\t\t\t\t\t<a href=\"https:\/\/muzeumlegii.cz\/wp-content\/uploads\/2020\/02\/00000003-1.jpeg\" data-elementor-open-lightbox=\"yes\" data-elementor-lightbox-title=\"00000003 (1)\" data-e-action-hash=\"#elementor-action%3Aaction%3Dlightbox%26settings%3DeyJpZCI6NTI4LCJ1cmwiOiJodHRwczpcL1wvbXV6ZXVtbGVnaWkuY3pcL3dwLWNvbnRlbnRcL3VwbG9hZHNcLzIwMjBcLzAyXC8wMDAwMDAwMy0xLmpwZWcifQ%3D%3D\">\n\t\t\t\t\t\t\t<img decoding=\"async\" width=\"666\" height=\"1024\" src=\"https:\/\/muzeumlegii.cz\/wp-content\/uploads\/2020\/02\/00000003-1-666x1024.jpeg\" class=\"attachment-large size-large wp-image-528\" alt=\"\" srcset=\"https:\/\/muzeumlegii.cz\/wp-content\/uploads\/2020\/02\/00000003-1-666x1024.jpeg 666w, https:\/\/muzeumlegii.cz\/wp-content\/uploads\/2020\/02\/00000003-1-195x300.jpeg 195w, https:\/\/muzeumlegii.cz\/wp-content\/uploads\/2020\/02\/00000003-1-768x1181.jpeg 768w, https:\/\/muzeumlegii.cz\/wp-content\/uploads\/2020\/02\/00000003-1-999x1536.jpeg 999w, https:\/\/muzeumlegii.cz\/wp-content\/uploads\/2020\/02\/00000003-1-1332x2048.jpeg 1332w, https:\/\/muzeumlegii.cz\/wp-content\/uploads\/2020\/02\/00000003-1.jpeg 1520w\" sizes=\"(max-width: 666px) 100vw, 666px\" \/>\t\t\t\t\t\t\t\t<\/a>\n\t\t\t\t\t\t\t\t\t\t\t\t\t\t\t<\/div>\n\t\t\t\t<\/div>\n\t\t\t\t\t<\/div>\n\t\t<\/div>\n\t\t\t\t<div class=\"elementor-column elementor-col-50 elementor-inner-column elementor-element elementor-element-894096d\" data-id=\"894096d\" data-element_type=\"column\" data-e-type=\"column\">\n\t\t\t<div class=\"elementor-widget-wrap elementor-element-populated\">\n\t\t\t\t\t\t<div class=\"elementor-element elementor-element-e4a7101 elementor-widget elementor-widget-text-editor\" data-id=\"e4a7101\" data-element_type=\"widget\" data-e-type=\"widget\" data-widget_type=\"text-editor.default\">\n\t\t\t\t<div class=\"elementor-widget-container\">\n\t\t\t\t\t\t\t\t\t<p>Strategick\u00fd pl\u00e1n n\u011bmeck\u00e9ho velen\u00ed p\u0159edpokl\u00e1dal, \u017ee v\u00e1lku na z\u00e1padn\u00ed front\u011b rozhodne rychl\u00fd v\u00edt\u011bzn\u00fd \u00fader proti Francii a pak p\u0159ijde na \u0159adu ofenz\u00edva na v\u00fdchod\u011b. Tento pl\u00e1n skon\u010dil ne\u00fasp\u011bchem v\u00e1le\u010dn\u00fdch operac\u00ed. Slibovan\u00fd n\u00e1vrat voj\u00e1k\u016f z fronty ,,do \u0161vestek&#8221; \u010di nejpozd\u011bji ,,ne\u017e v roce 1914 spadne listi se stromu\u201c se neuskute\u010dnil.<\/p><p>\u0160tyri roky \u017eili st\u00e1tis\u00edce mu\u017eov v smrad\u013eav\u00fdch, \u010dasto premo\u010den\u00fdch<br \/>v z\u00e1kopoch, pri\u010dom ka\u017ed\u00fd krok sprev\u00e1dzala hrozba delostreleck\u00fdch gran\u00e1tov, snajpersk\u00fdch guliek a bojov\u00fdch plynov.<\/p><p>Vojna pokra\u010dovala ako zd\u013ahav\u00e1 z\u00e1kopov\u00e1 vojna pln\u00e1 obet\u00ed, ktor\u00e1 viedla k \u00fapln\u00e9mu hospod\u00e1rskemu vy\u010derpaniu dom\u00e1ceho frontu. Vy\u017eiadala si tri a pol mili\u00f3na m\u0155tvych vojakov z Nemecka a centr\u00e1lnych mocnost\u00ed. Na strane Dohody to bolo p\u00e4\u0165 mili\u00f3nov a p\u00e4\u0165desiatdva tis\u00edc. Na ka\u017ed\u00e9ho padl\u00e9ho vojaka pripadlo p\u00e4\u0165desiattis\u00edc n\u00e1bojov.<\/p>\t\t\t\t\t\t\t\t<\/div>\n\t\t\t\t<\/div>\n\t\t\t\t\t<\/div>\n\t\t<\/div>\n\t\t\t\t\t<\/div>\n\t\t<\/section>\n\t\t\t\t\t<\/div>\n\t\t<\/div>\n\t\t\t\t\t<\/div>\n\t\t<\/section>\n\t\t\t\t<section class=\"elementor-section elementor-top-section elementor-element elementor-element-8265a7a elementor-section-boxed elementor-section-height-default elementor-section-height-default\" data-id=\"8265a7a\" data-element_type=\"section\" data-e-type=\"section\">\n\t\t\t\t\t\t<div class=\"elementor-container elementor-column-gap-default\">\n\t\t\t\t\t<div class=\"elementor-column elementor-col-100 elementor-top-column elementor-element elementor-element-d85403c\" data-id=\"d85403c\" data-element_type=\"column\" data-e-type=\"column\">\n\t\t\t<div class=\"elementor-widget-wrap elementor-element-populated\">\n\t\t\t\t\t\t<div class=\"elementor-element elementor-element-4323ff6 elementor-align-center elementor-mobile-align-center elementor-widget elementor-widget-global elementor-global-322 elementor-widget-button\" data-id=\"4323ff6\" data-element_type=\"widget\" data-e-type=\"widget\" data-widget_type=\"button.default\">\n\t\t\t\t<div class=\"elementor-widget-container\">\n\t\t\t\t\t\t\t\t\t<div class=\"elementor-button-wrapper\">\n\t\t\t\t\t<a class=\"elementor-button elementor-button-link elementor-size-sm elementor-animation-grow\" href=\"http:\/\/muzeumlegii.cz\/sk\/francie\/\">\n\t\t\t\t\t\t<span class=\"elementor-button-content-wrapper\">\n\t\t\t\t\t\t\t\t\t<span class=\"elementor-button-text\">\" nasleduj\u00faci \u010dl\u00e1nok - Legion\u00e1ri vo Franc\u00fazsku<\/span>\n\t\t\t\t\t<\/span>\n\t\t\t\t\t<\/a>\n\t\t\t\t<\/div>\n\t\t\t\t\t\t\t\t<\/div>\n\t\t\t\t<\/div>\n\t\t\t\t<div class=\"elementor-element elementor-element-db82940 elementor-widget elementor-widget-spacer\" data-id=\"db82940\" data-element_type=\"widget\" data-e-type=\"widget\" data-widget_type=\"spacer.default\">\n\t\t\t\t<div class=\"elementor-widget-container\">\n\t\t\t\t\t\t\t<div class=\"elementor-spacer\">\n\t\t\t<div class=\"elementor-spacer-inner\"><\/div>\n\t\t<\/div>\n\t\t\t\t\t\t<\/div>\n\t\t\t\t<\/div>\n\t\t\t\t\t<\/div>\n\t\t<\/div>\n\t\t\t\t\t<\/div>\n\t\t<\/section>\n\t\t\t\t<section class=\"elementor-section elementor-top-section elementor-element elementor-element-0f3cbc6 elementor-section-boxed elementor-section-height-default elementor-section-height-default\" data-id=\"0f3cbc6\" data-element_type=\"section\" data-e-type=\"section\">\n\t\t\t\t\t\t<div class=\"elementor-container elementor-column-gap-default\">\n\t\t\t\t\t<div class=\"elementor-column elementor-col-100 elementor-top-column elementor-element elementor-element-844b970\" data-id=\"844b970\" data-element_type=\"column\" data-e-type=\"column\">\n\t\t\t<div class=\"elementor-widget-wrap elementor-element-populated\">\n\t\t\t\t\t\t<div class=\"elementor-element elementor-element-3532cfd elementor-cta--skin-cover elementor-animated-content elementor-bg-transform elementor-bg-transform-zoom-in elementor-widget elementor-widget-global elementor-global-325 elementor-widget-call-to-action\" data-id=\"3532cfd\" data-element_type=\"widget\" data-e-type=\"widget\" data-widget_type=\"call-to-action.default\">\n\t\t\t\t<div class=\"elementor-widget-container\">\n\t\t\t\t\t\t\t<div class=\"elementor-cta\">\n\t\t\t\t\t<div class=\"elementor-cta__bg-wrapper\">\n\t\t\t\t<div class=\"elementor-cta__bg elementor-bg\" style=\"background-image: url(https:\/\/muzeumlegii.cz\/wp-content\/uploads\/2020\/01\/V\u00fdstava-2000-Edited-1-1024x576.jpg);\" role=\"img\" aria-label=\"V\u00fdstava-2000-Edited-1\"><\/div>\n\t\t\t\t<div class=\"elementor-cta__bg-overlay\"><\/div>\n\t\t\t<\/div>\n\t\t\t\t\t\t\t<div class=\"elementor-cta__content\">\n\t\t\t\t\n\t\t\t\t\t\t\t\t\t<h2 class=\"elementor-cta__title elementor-cta__content-item elementor-content-item elementor-animated-item--grow\">\n\t\t\t\t\t\tNav\u0161t\u00edvte M\u00fazeum \u010deskoslovensk\u00fdch l\u00e9gi\u00ed \t\t\t\t\t<\/h2>\n\t\t\t\t\n\t\t\t\t\t\t\t\t\t<div class=\"elementor-cta__description elementor-cta__content-item elementor-content-item elementor-animated-item--grow\">\n\t\t\t\t\t\tSpoznajte pr\u00edbehy legion\u00e1rov v prvej svetovej vojne z prvej l\u00ednie\t\t\t\t\t<\/div>\n\t\t\t\t\n\t\t\t\t\t\t\t\t\t<div class=\"elementor-cta__button-wrapper elementor-cta__content-item elementor-content-item elementor-animated-item--grow\">\n\t\t\t\t\t<a class=\"elementor-cta__button elementor-button elementor-size-\" href=\"http:\/\/muzeumlegii.cz\/sk\/kontakt\/\">\n\t\t\t\t\t\tZorganizujte si prehliadku\t\t\t\t\t<\/a>\n\t\t\t\t\t<\/div>\n\t\t\t\t\t\t\t<\/div>\n\t\t\t\t\t\t<\/div>\n\t\t\t\t\t\t<\/div>\n\t\t\t\t<\/div>\n\t\t\t\t\t<\/div>\n\t\t<\/div>\n\t\t\t\t\t<\/div>\n\t\t<\/section>\n\t\t\t\t<footer class=\"elementor-section elementor-top-section elementor-element elementor-element-4edb0948 elementor-section-content-middle elementor-section-boxed elementor-section-height-default elementor-section-height-default\" data-id=\"4edb0948\" data-element_type=\"section\" data-e-type=\"section\" data-settings=\"{&quot;background_background&quot;:&quot;classic&quot;}\">\n\t\t\t\t\t\t<div class=\"elementor-container elementor-column-gap-default\">\n\t\t\t\t\t<div class=\"elementor-column elementor-col-100 elementor-top-column elementor-element elementor-element-1925513d\" data-id=\"1925513d\" data-element_type=\"column\" data-e-type=\"column\">\n\t\t\t<div class=\"elementor-widget-wrap elementor-element-populated\">\n\t\t\t\t\t\t<section class=\"elementor-section elementor-inner-section elementor-element elementor-element-43f3eb55 elementor-section-content-middle elementor-section-boxed elementor-section-height-default elementor-section-height-default\" data-id=\"43f3eb55\" data-element_type=\"section\" data-e-type=\"section\">\n\t\t\t\t\t\t<div class=\"elementor-container elementor-column-gap-default\">\n\t\t\t\t\t<div class=\"elementor-column elementor-col-50 elementor-inner-column elementor-element elementor-element-14cca8b5\" data-id=\"14cca8b5\" data-element_type=\"column\" data-e-type=\"column\">\n\t\t\t<div class=\"elementor-widget-wrap elementor-element-populated\">\n\t\t\t\t\t\t<div class=\"elementor-element elementor-element-1f219d97 elementor-nav-menu__align-start elementor-nav-menu--dropdown-mobile elementor-nav-menu--stretch elementor-nav-menu__text-align-center elementor-nav-menu--toggle elementor-nav-menu--burger elementor-widget elementor-widget-nav-menu\" data-id=\"1f219d97\" data-element_type=\"widget\" data-e-type=\"widget\" data-settings=\"{&quot;full_width&quot;:&quot;stretch&quot;,&quot;layout&quot;:&quot;horizontal&quot;,&quot;submenu_icon&quot;:{&quot;value&quot;:&quot;&lt;i class=\\&quot;fas fa-caret-down\\&quot; aria-hidden=\\&quot;true\\&quot;&gt;&lt;\\\/i&gt;&quot;,&quot;library&quot;:&quot;fa-solid&quot;},&quot;toggle&quot;:&quot;burger&quot;}\" data-widget_type=\"nav-menu.default\">\n\t\t\t\t<div class=\"elementor-widget-container\">\n\t\t\t\t\t\t\t\t<nav aria-label=\"Ponuka\" class=\"elementor-nav-menu--main elementor-nav-menu__container elementor-nav-menu--layout-horizontal e--pointer-none\">\n\t\t\t\t<ul id=\"menu-1-1f219d97\" class=\"elementor-nav-menu\"><li class=\"menu-item menu-item-type-post_type menu-item-object-page menu-item-54\"><a href=\"https:\/\/muzeumlegii.cz\/sk\/o-muzeu\/\" class=\"elementor-item\">O m\u00fazeu<\/a><\/li>\n<li class=\"menu-item menu-item-type-post_type menu-item-object-page menu-item-has-children menu-item-55\"><a href=\"https:\/\/muzeumlegii.cz\/sk\/pribeh-ceskoslovenskych-legii\/\" class=\"elementor-item\">Pr\u00edbeh \u010deskoslovensk\u00fdch l\u00e9gi\u00ed<\/a>\n<ul class=\"sub-menu elementor-nav-menu--dropdown\">\n\t<li class=\"menu-item menu-item-type-post_type menu-item-object-page menu-item-293\"><a href=\"https:\/\/muzeumlegii.cz\/sk\/zacatek-1-svetove-valky\/\" class=\"elementor-sub-item\">Za\u010diatok prvej svetovej vojny<\/a><\/li>\n\t<li class=\"menu-item menu-item-type-post_type menu-item-object-page menu-item-107\"><a href=\"https:\/\/muzeumlegii.cz\/sk\/francie\/\" class=\"elementor-sub-item\">Vo Franc\u00fazsku<\/a><\/li>\n\t<li class=\"menu-item menu-item-type-post_type menu-item-object-page menu-item-106\"><a href=\"https:\/\/muzeumlegii.cz\/sk\/rusko\/\" class=\"elementor-sub-item\">V Rusku<\/a><\/li>\n\t<li class=\"menu-item menu-item-type-post_type menu-item-object-page menu-item-105\"><a href=\"https:\/\/muzeumlegii.cz\/sk\/italie\/\" class=\"elementor-sub-item\">V Taliansku<\/a><\/li>\n\t<li class=\"menu-item menu-item-type-post_type menu-item-object-page menu-item-103\"><a href=\"https:\/\/muzeumlegii.cz\/sk\/spojenecke-armady\/\" class=\"elementor-sub-item\">V spojeneck\u00fdch arm\u00e1dach<\/a><\/li>\n\t<li class=\"menu-item menu-item-type-post_type menu-item-object-page menu-item-104\"><a href=\"https:\/\/muzeumlegii.cz\/sk\/zachraneni-valecni-sirotci\/\" class=\"elementor-sub-item\">Zachr\u00e1nen\u00e9 vojnov\u00e9 siroty<\/a><\/li>\n<\/ul>\n<\/li>\n<li class=\"menu-item menu-item-type-post_type menu-item-object-page menu-item-194\"><a href=\"https:\/\/muzeumlegii.cz\/sk\/vyhledani-legionaru\/\" class=\"elementor-item\">H\u013eadanie legion\u00e1rov<\/a><\/li>\n<li class=\"menu-item menu-item-type-post_type menu-item-object-page menu-item-56\"><a href=\"https:\/\/muzeumlegii.cz\/sk\/novinky\/\" class=\"elementor-item\">Novinky<\/a><\/li>\n<li class=\"menu-item menu-item-type-post_type menu-item-object-page menu-item-57\"><a href=\"https:\/\/muzeumlegii.cz\/sk\/kontakt\/\" class=\"elementor-item\">Kontakt a otv\u00e1racie hodiny<\/a><\/li>\n<\/ul>\t\t\t<\/nav>\n\t\t\t\t\t<div class=\"elementor-menu-toggle\" role=\"button\" tabindex=\"0\" aria-label=\"Prep\u00edna\u010d menu\" aria-expanded=\"false\">\n\t\t\t<i aria-hidden=\"true\" role=\"presentation\" class=\"elementor-menu-toggle__icon--open eicon-menu-bar\"><\/i><i aria-hidden=\"true\" role=\"presentation\" class=\"elementor-menu-toggle__icon--close eicon-close\"><\/i>\t\t<\/div>\n\t\t\t\t\t<nav class=\"elementor-nav-menu--dropdown elementor-nav-menu__container\" aria-hidden=\"true\">\n\t\t\t\t<ul id=\"menu-2-1f219d97\" class=\"elementor-nav-menu\"><li class=\"menu-item menu-item-type-post_type menu-item-object-page menu-item-54\"><a href=\"https:\/\/muzeumlegii.cz\/sk\/o-muzeu\/\" class=\"elementor-item\" tabindex=\"-1\">O m\u00fazeu<\/a><\/li>\n<li class=\"menu-item menu-item-type-post_type menu-item-object-page menu-item-has-children menu-item-55\"><a href=\"https:\/\/muzeumlegii.cz\/sk\/pribeh-ceskoslovenskych-legii\/\" class=\"elementor-item\" tabindex=\"-1\">Pr\u00edbeh \u010deskoslovensk\u00fdch l\u00e9gi\u00ed<\/a>\n<ul class=\"sub-menu elementor-nav-menu--dropdown\">\n\t<li class=\"menu-item menu-item-type-post_type menu-item-object-page menu-item-293\"><a href=\"https:\/\/muzeumlegii.cz\/sk\/zacatek-1-svetove-valky\/\" class=\"elementor-sub-item\" tabindex=\"-1\">Za\u010diatok prvej svetovej vojny<\/a><\/li>\n\t<li class=\"menu-item menu-item-type-post_type menu-item-object-page menu-item-107\"><a href=\"https:\/\/muzeumlegii.cz\/sk\/francie\/\" class=\"elementor-sub-item\" tabindex=\"-1\">Vo Franc\u00fazsku<\/a><\/li>\n\t<li class=\"menu-item menu-item-type-post_type menu-item-object-page menu-item-106\"><a href=\"https:\/\/muzeumlegii.cz\/sk\/rusko\/\" class=\"elementor-sub-item\" tabindex=\"-1\">V Rusku<\/a><\/li>\n\t<li class=\"menu-item menu-item-type-post_type menu-item-object-page menu-item-105\"><a href=\"https:\/\/muzeumlegii.cz\/sk\/italie\/\" class=\"elementor-sub-item\" tabindex=\"-1\">V Taliansku<\/a><\/li>\n\t<li class=\"menu-item menu-item-type-post_type menu-item-object-page menu-item-103\"><a href=\"https:\/\/muzeumlegii.cz\/sk\/spojenecke-armady\/\" class=\"elementor-sub-item\" tabindex=\"-1\">V spojeneck\u00fdch arm\u00e1dach<\/a><\/li>\n\t<li class=\"menu-item menu-item-type-post_type menu-item-object-page menu-item-104\"><a href=\"https:\/\/muzeumlegii.cz\/sk\/zachraneni-valecni-sirotci\/\" class=\"elementor-sub-item\" tabindex=\"-1\">Zachr\u00e1nen\u00e9 vojnov\u00e9 siroty<\/a><\/li>\n<\/ul>\n<\/li>\n<li class=\"menu-item menu-item-type-post_type menu-item-object-page menu-item-194\"><a href=\"https:\/\/muzeumlegii.cz\/sk\/vyhledani-legionaru\/\" class=\"elementor-item\" tabindex=\"-1\">H\u013eadanie legion\u00e1rov<\/a><\/li>\n<li class=\"menu-item menu-item-type-post_type menu-item-object-page menu-item-56\"><a href=\"https:\/\/muzeumlegii.cz\/sk\/novinky\/\" class=\"elementor-item\" tabindex=\"-1\">Novinky<\/a><\/li>\n<li class=\"menu-item menu-item-type-post_type menu-item-object-page menu-item-57\"><a href=\"https:\/\/muzeumlegii.cz\/sk\/kontakt\/\" class=\"elementor-item\" tabindex=\"-1\">Kontakt a otv\u00e1racie hodiny<\/a><\/li>\n<\/ul>\t\t\t<\/nav>\n\t\t\t\t\t\t<\/div>\n\t\t\t\t<\/div>\n\t\t\t\t\t<\/div>\n\t\t<\/div>\n\t\t\t\t<div class=\"elementor-column elementor-col-50 elementor-inner-column elementor-element elementor-element-63484a90\" data-id=\"63484a90\" data-element_type=\"column\" data-e-type=\"column\">\n\t\t\t<div class=\"elementor-widget-wrap elementor-element-populated\">\n\t\t\t\t\t\t<div class=\"elementor-element elementor-element-4dee6956 elementor-widget elementor-widget-heading\" data-id=\"4dee6956\" data-element_type=\"widget\" data-e-type=\"widget\" data-widget_type=\"heading.default\">\n\t\t\t\t<div class=\"elementor-widget-container\">\n\t\t\t\t\t<p class=\"elementor-heading-title elementor-size-default\"><a href=\"tel:+420727866525\">\n\ud83d\udcde +420 727 866 525\n<\/a><\/p>\t\t\t\t<\/div>\n\t\t\t\t<\/div>\n\t\t\t\t<div class=\"elementor-element elementor-element-2322c7fe elementor-widget elementor-widget-heading\" data-id=\"2322c7fe\" data-element_type=\"widget\" data-e-type=\"widget\" data-widget_type=\"heading.default\">\n\t\t\t\t<div class=\"elementor-widget-container\">\n\t\t\t\t\t<p class=\"elementor-heading-title elementor-size-default\"><a href=\"mailto:zuffakuncom@seznam.cz\">\u2709 zuffakuncom@seznam.cz<\/a><\/p>\t\t\t\t<\/div>\n\t\t\t\t<\/div>\n\t\t\t\t<div class=\"elementor-element elementor-element-2d03e75 elementor-widget elementor-widget-global elementor-global-436 elementor-widget-heading\" data-id=\"2d03e75\" data-element_type=\"widget\" data-e-type=\"widget\" data-widget_type=\"heading.default\">\n\t\t\t\t<div class=\"elementor-widget-container\">\n\t\t\t\t\t<p class=\"elementor-heading-title elementor-size-default\"><a href=\"https:\/\/muzeumlegii.cz\/sk\/zasady-ochrany-osobnich-udaju\/\">Z\u00e1sady ochrany osobn\u00fdch \u00fadajov<\/a><\/p>\t\t\t\t<\/div>\n\t\t\t\t<\/div>\n\t\t\t\t\t<\/div>\n\t\t<\/div>\n\t\t\t\t\t<\/div>\n\t\t<\/section>\n\t\t\t\t\t<\/div>\n\t\t<\/div>\n\t\t\t\t\t<\/div>\n\t\t<\/footer>\n\t\t\t\t<\/div>","protected":false},"excerpt":{"rendered":"<p>Za\u010diatok prvej svetovej vojny Ostre\u013eovanie, pri ktorom 28. j\u00fana 1914 zahynul rak\u00fasky arcivojvoda, nebolo skuto\u010dnou pr\u00ed\u010dinou vzniku vojnovej ma\u0161in\u00e9rie prvej svetovej vojny. Nemecko u\u017e d\u00e1vno predt\u00fdm pripravilo vojensk\u00fd \"Schlieffenov pl\u00e1n\", ktor\u00fd mal prekvapi\u0165 Franc\u00fazsko, Belgicko a Ve\u013ek\u00fa Brit\u00e1niu.  Jeho kone\u010dn\u00fdm cie\u013eom bolo vytvori\u0165 nemeck\u00fa stredn\u00fa Eur\u00f3pu (Mitteleurope) vr\u00e1tane existuj\u00facej habsburskej monarchie, ... <a title=\"Za\u010diatok prvej svetovej vojny\" class=\"read-more\" href=\"https:\/\/muzeumlegii.cz\/sk\/zacatek-1-svetove-valky\/\" aria-label=\"\u010c\u00edtaj viac o Za\u010diatok prvej svetovej vojny\">Pre\u010d\u00edtajte si viac<\/a><\/p>","protected":false},"author":1,"featured_media":0,"parent":0,"menu_order":0,"comment_status":"closed","ping_status":"closed","template":"elementor_header_footer","meta":{"footnotes":""},"class_list":["post-291","page","type-page","status-publish"],"_links":{"self":[{"href":"https:\/\/muzeumlegii.cz\/sk\/wp-json\/wp\/v2\/pages\/291","targetHints":{"allow":["GET"]}}],"collection":[{"href":"https:\/\/muzeumlegii.cz\/sk\/wp-json\/wp\/v2\/pages"}],"about":[{"href":"https:\/\/muzeumlegii.cz\/sk\/wp-json\/wp\/v2\/types\/page"}],"author":[{"embeddable":true,"href":"https:\/\/muzeumlegii.cz\/sk\/wp-json\/wp\/v2\/users\/1"}],"replies":[{"embeddable":true,"href":"https:\/\/muzeumlegii.cz\/sk\/wp-json\/wp\/v2\/comments?post=291"}],"version-history":[{"count":22,"href":"https:\/\/muzeumlegii.cz\/sk\/wp-json\/wp\/v2\/pages\/291\/revisions"}],"predecessor-version":[{"id":702,"href":"https:\/\/muzeumlegii.cz\/sk\/wp-json\/wp\/v2\/pages\/291\/revisions\/702"}],"wp:attachment":[{"href":"https:\/\/muzeumlegii.cz\/sk\/wp-json\/wp\/v2\/media?parent=291"}],"curies":[{"name":"wp","href":"https:\/\/api.w.org\/{rel}","templated":true}]}}