{"id":101,"date":"2019-10-29T18:51:18","date_gmt":"2019-10-29T18:51:18","guid":{"rendered":"http:\/\/muzeumlegii.cz\/?page_id=101"},"modified":"2022-01-21T08:42:29","modified_gmt":"2022-01-21T07:42:29","slug":"spojenecke-armady","status":"publish","type":"page","link":"https:\/\/muzeumlegii.cz\/sk\/spojenecke-armady\/","title":{"rendered":"V spojeneck\u00fdch arm\u00e1dach"},"content":{"rendered":"<div data-elementor-type=\"wp-page\" data-elementor-id=\"101\" class=\"elementor elementor-101\" data-elementor-post-type=\"page\">\n\t\t\t\t\t\t<section class=\"elementor-section elementor-top-section elementor-element elementor-element-62014ce elementor-section-boxed elementor-section-height-default elementor-section-height-default\" data-id=\"62014ce\" data-element_type=\"section\" data-e-type=\"section\">\n\t\t\t\t\t\t<div class=\"elementor-container elementor-column-gap-default\">\n\t\t\t\t\t<div class=\"elementor-column elementor-col-100 elementor-top-column elementor-element elementor-element-b7fb3ef\" data-id=\"b7fb3ef\" data-element_type=\"column\" data-e-type=\"column\">\n\t\t\t<div class=\"elementor-widget-wrap elementor-element-populated\">\n\t\t\t\t\t\t<div class=\"elementor-element elementor-element-09cad5b elementor-widget elementor-widget-spacer\" data-id=\"09cad5b\" data-element_type=\"widget\" data-e-type=\"widget\" data-widget_type=\"spacer.default\">\n\t\t\t\t<div class=\"elementor-widget-container\">\n\t\t\t\t\t\t\t<div class=\"elementor-spacer\">\n\t\t\t<div class=\"elementor-spacer-inner\"><\/div>\n\t\t<\/div>\n\t\t\t\t\t\t<\/div>\n\t\t\t\t<\/div>\n\t\t\t\t<div class=\"elementor-element elementor-element-65504ed elementor-widget elementor-widget-html\" data-id=\"65504ed\" data-element_type=\"widget\" data-e-type=\"widget\" data-widget_type=\"html.default\">\n\t\t\t\t<div class=\"elementor-widget-container\">\n\t\t\t\t\t<!-- Global site tag (gtag.js) - Google Analytics -->\n<script async src=\"https:\/\/www.googletagmanager.com\/gtag\/js?id=UA-115740275-3\"><\/script>\n<script>\n  window.dataLayer = window.dataLayer || [];\n  function gtag(){dataLayer.push(arguments);}\n  gtag('js', new Date());\n\n  gtag('config', 'UA-115740275-3');\n<\/script>\n\t\t\t\t<\/div>\n\t\t\t\t<\/div>\n\t\t\t\t<div class=\"elementor-element elementor-element-fa272a8 elementor-widget elementor-widget-heading\" data-id=\"fa272a8\" data-element_type=\"widget\" data-e-type=\"widget\" data-widget_type=\"heading.default\">\n\t\t\t\t<div class=\"elementor-widget-container\">\n\t\t\t\t\t<h2 class=\"elementor-heading-title elementor-size-default\">\u010ceskoslovensk\u00e9 l\u00e9gie v spojeneck\u00fdch arm\u00e1dach<\/h2>\t\t\t\t<\/div>\n\t\t\t\t<\/div>\n\t\t\t\t<div class=\"elementor-element elementor-element-f1b94e0 elementor-widget elementor-widget-spacer\" data-id=\"f1b94e0\" data-element_type=\"widget\" data-e-type=\"widget\" data-widget_type=\"spacer.default\">\n\t\t\t\t<div class=\"elementor-widget-container\">\n\t\t\t\t\t\t\t<div class=\"elementor-spacer\">\n\t\t\t<div class=\"elementor-spacer-inner\"><\/div>\n\t\t<\/div>\n\t\t\t\t\t\t<\/div>\n\t\t\t\t<\/div>\n\t\t\t\t\t<\/div>\n\t\t<\/div>\n\t\t\t\t\t<\/div>\n\t\t<\/section>\n\t\t\t\t<section class=\"elementor-section elementor-top-section elementor-element elementor-element-2db534c elementor-section-boxed elementor-section-height-default elementor-section-height-default\" data-id=\"2db534c\" data-element_type=\"section\" data-e-type=\"section\">\n\t\t\t\t\t\t<div class=\"elementor-container elementor-column-gap-default\">\n\t\t\t\t\t<div class=\"elementor-column elementor-col-100 elementor-top-column elementor-element elementor-element-d0513a8\" data-id=\"d0513a8\" data-element_type=\"column\" data-e-type=\"column\">\n\t\t\t<div class=\"elementor-widget-wrap elementor-element-populated\">\n\t\t\t\t\t\t<section class=\"elementor-section elementor-inner-section elementor-element elementor-element-fa3e6c0 elementor-section-boxed elementor-section-height-default elementor-section-height-default\" data-id=\"fa3e6c0\" data-element_type=\"section\" data-e-type=\"section\">\n\t\t\t\t\t\t<div class=\"elementor-container elementor-column-gap-default\">\n\t\t\t\t\t<div class=\"elementor-column elementor-col-50 elementor-inner-column elementor-element elementor-element-39db342\" data-id=\"39db342\" data-element_type=\"column\" data-e-type=\"column\">\n\t\t\t<div class=\"elementor-widget-wrap elementor-element-populated\">\n\t\t\t\t\t\t<div class=\"elementor-element elementor-element-7973417 elementor-widget elementor-widget-text-editor\" data-id=\"7973417\" data-element_type=\"widget\" data-e-type=\"widget\" data-widget_type=\"text-editor.default\">\n\t\t\t\t<div class=\"elementor-widget-container\">\n\t\t\t\t\t\t\t\t\t<p>Na\u0161i krajania podporovali \u010deskoslovensk\u00fd odboj nielen mor\u00e1lne<br \/>a finan\u010dne (napr. Americk\u00e9 \u010desk\u00e9 n\u00e1rodn\u00e9 zdru\u017eenie, Slovensk\u00e1 liga), ale ve\u013ek\u00e1 \u010das\u0165 z nich bojovala aj v arm\u00e1dach Dohody.<\/p><p>Z USA odi\u0161li \u010desk\u00ed a slovensk\u00ed dobrovo\u013en\u00edci do Franc\u00fazska, kde sa ich takmer 3 000 pripojilo k 21., 22. a najm\u00e4 23. \u010deskoslovensk\u00e9mu streleck\u00e9mu pluku.<\/p><p>V Kanade bol z na\u0161ich krajanov vytvoren\u00fd 223. \u010deskokanadsk\u00fd pr\u00e1por, ktor\u00fd bol v lete 1917 vyslan\u00fd na z\u00e1padn\u00fd front. Velite\u013eom tejto \u010desko-kanadskej jednotky bol Franti\u0161ek Klepal.<\/p><p>Okrem t\u00fdchto vojakov bojovalo v roku 1918 vo Franc\u00fazsku \u010fal\u0161\u00edch 40 000 na\u0161ich krajanov v americk\u00fdch expedi\u010dn\u00fdch sil\u00e1ch gener\u00e1la Pershinga. Netvorili v\u0161ak samostatn\u00e9 vojensk\u00e9 jednotky pod\u013ea n\u00e1rodnosti.<\/p><p>\u010cesi a Slov\u00e1ci sporadicky sl\u00fa\u017eili aj v in\u00fdch spojeneck\u00fdch arm\u00e1dach - belgickej, rumunskej, portugalskej, braz\u00edlskej \u010di japonskej.<\/p><p>Okrem z\u00e1padn\u00e9ho frontu sa na\u0161i legion\u00e1ri stretli so svojimi krajanmi z arm\u00e1d Dohody na v\u00fdchode po\u010das vylodenia americk\u00fdch, franc\u00fazskych, anglick\u00fdch a japonsk\u00fdch vojsk vo Vladivostoku.<\/p>\t\t\t\t\t\t\t\t<\/div>\n\t\t\t\t<\/div>\n\t\t\t\t\t<\/div>\n\t\t<\/div>\n\t\t\t\t<div class=\"elementor-column elementor-col-50 elementor-inner-column elementor-element elementor-element-5c27743\" data-id=\"5c27743\" data-element_type=\"column\" data-e-type=\"column\">\n\t\t\t<div class=\"elementor-widget-wrap elementor-element-populated\">\n\t\t\t\t\t\t<div class=\"elementor-element elementor-element-7b586cb elementor-widget elementor-widget-image\" data-id=\"7b586cb\" data-element_type=\"widget\" data-e-type=\"widget\" data-widget_type=\"image.default\">\n\t\t\t\t<div class=\"elementor-widget-container\">\n\t\t\t\t\t\t\t\t\t\t\t\t\t\t\t\t<a href=\"https:\/\/muzeumlegii.cz\/wp-content\/uploads\/2020\/02\/DOC_20200206205855-page-003-scaled.jpg\" data-elementor-open-lightbox=\"yes\" data-elementor-lightbox-title=\"DOC_20200206205855-page-003\" data-e-action-hash=\"#elementor-action%3Aaction%3Dlightbox%26settings%3DeyJpZCI6NTMyLCJ1cmwiOiJodHRwczpcL1wvbXV6ZXVtbGVnaWkuY3pcL3dwLWNvbnRlbnRcL3VwbG9hZHNcLzIwMjBcLzAyXC9ET0NfMjAyMDAyMDYyMDU4NTUtcGFnZS0wMDMtc2NhbGVkLmpwZyJ9\">\n\t\t\t\t\t\t\t<img fetchpriority=\"high\" decoding=\"async\" width=\"761\" height=\"1024\" src=\"https:\/\/muzeumlegii.cz\/wp-content\/uploads\/2020\/02\/DOC_20200206205855-page-003-761x1024.jpg\" class=\"attachment-large size-large wp-image-532\" alt=\"\" srcset=\"https:\/\/muzeumlegii.cz\/wp-content\/uploads\/2020\/02\/DOC_20200206205855-page-003-761x1024.jpg 761w, https:\/\/muzeumlegii.cz\/wp-content\/uploads\/2020\/02\/DOC_20200206205855-page-003-223x300.jpg 223w, https:\/\/muzeumlegii.cz\/wp-content\/uploads\/2020\/02\/DOC_20200206205855-page-003-768x1034.jpg 768w, https:\/\/muzeumlegii.cz\/wp-content\/uploads\/2020\/02\/DOC_20200206205855-page-003-1141x1536.jpg 1141w, https:\/\/muzeumlegii.cz\/wp-content\/uploads\/2020\/02\/DOC_20200206205855-page-003-1521x2048.jpg 1521w, https:\/\/muzeumlegii.cz\/wp-content\/uploads\/2020\/02\/DOC_20200206205855-page-003-scaled.jpg 1902w\" sizes=\"(max-width: 761px) 100vw, 761px\" \/>\t\t\t\t\t\t\t\t<\/a>\n\t\t\t\t\t\t\t\t\t\t\t\t\t\t\t<\/div>\n\t\t\t\t<\/div>\n\t\t\t\t\t<\/div>\n\t\t<\/div>\n\t\t\t\t\t<\/div>\n\t\t<\/section>\n\t\t\t\t<div class=\"elementor-element elementor-element-2c675aa elementor-widget elementor-widget-gallery\" data-id=\"2c675aa\" data-element_type=\"widget\" data-e-type=\"widget\" data-settings=\"{&quot;aspect_ratio&quot;:&quot;4:3&quot;,&quot;columns&quot;:3,&quot;lazyload&quot;:&quot;yes&quot;,&quot;gallery_layout&quot;:&quot;grid&quot;,&quot;columns_tablet&quot;:2,&quot;columns_mobile&quot;:1,&quot;gap&quot;:{&quot;unit&quot;:&quot;px&quot;,&quot;size&quot;:10,&quot;sizes&quot;:[]},&quot;gap_tablet&quot;:{&quot;unit&quot;:&quot;px&quot;,&quot;size&quot;:10,&quot;sizes&quot;:[]},&quot;gap_mobile&quot;:{&quot;unit&quot;:&quot;px&quot;,&quot;size&quot;:10,&quot;sizes&quot;:[]},&quot;link_to&quot;:&quot;file&quot;,&quot;overlay_background&quot;:&quot;yes&quot;,&quot;content_hover_animation&quot;:&quot;fade-in&quot;}\" data-widget_type=\"gallery.default\">\n\t\t\t\t<div class=\"elementor-widget-container\">\n\t\t\t\t\t\t\t<div class=\"elementor-gallery__container\">\n\t\t\t\t\t\t\t<a class=\"e-gallery-item elementor-gallery-item elementor-animated-content\" href=\"https:\/\/muzeumlegii.cz\/wp-content\/uploads\/2020\/02\/00000001-1-scaled.jpeg\" data-elementor-open-lightbox=\"yes\" data-elementor-lightbox-slideshow=\"2c675aa\" data-elementor-lightbox-title=\"00000001 (1)\" data-e-action-hash=\"#elementor-action%3Aaction%3Dlightbox%26settings%3DeyJpZCI6NTIyLCJ1cmwiOiJodHRwczpcL1wvbXV6ZXVtbGVnaWkuY3pcL3dwLWNvbnRlbnRcL3VwbG9hZHNcLzIwMjBcLzAyXC8wMDAwMDAwMS0xLXNjYWxlZC5qcGVnIiwic2xpZGVzaG93IjoiMmM2NzVhYSJ9\">\n\t\t\t\t\t<div class=\"e-gallery-image elementor-gallery-item__image\" data-thumbnail=\"https:\/\/muzeumlegii.cz\/wp-content\/uploads\/2020\/02\/00000001-1-300x221.jpeg\" data-width=\"300\" data-height=\"221\" aria-label=\"\" role=\"img\" ><\/div>\n\t\t\t\t\t\t\t\t\t\t\t<div class=\"elementor-gallery-item__overlay\"><\/div>\n\t\t\t\t\t\t\t\t\t\t\t\t\t\t<\/a>\n\t\t\t\t\t\t\t<a class=\"e-gallery-item elementor-gallery-item elementor-animated-content\" href=\"https:\/\/muzeumlegii.cz\/wp-content\/uploads\/2020\/02\/DOC_20200206205855-page-001-scaled.jpg\" data-elementor-open-lightbox=\"yes\" data-elementor-lightbox-slideshow=\"2c675aa\" data-elementor-lightbox-title=\"DOC_20200206205855-page-001\" data-e-action-hash=\"#elementor-action%3Aaction%3Dlightbox%26settings%3DeyJpZCI6NTMxLCJ1cmwiOiJodHRwczpcL1wvbXV6ZXVtbGVnaWkuY3pcL3dwLWNvbnRlbnRcL3VwbG9hZHNcLzIwMjBcLzAyXC9ET0NfMjAyMDAyMDYyMDU4NTUtcGFnZS0wMDEtc2NhbGVkLmpwZyIsInNsaWRlc2hvdyI6IjJjNjc1YWEifQ%3D%3D\">\n\t\t\t\t\t<div class=\"e-gallery-image elementor-gallery-item__image\" data-thumbnail=\"https:\/\/muzeumlegii.cz\/wp-content\/uploads\/2020\/02\/DOC_20200206205855-page-001-300x188.jpg\" data-width=\"300\" data-height=\"188\" aria-label=\"\" role=\"img\" ><\/div>\n\t\t\t\t\t\t\t\t\t\t\t<div class=\"elementor-gallery-item__overlay\"><\/div>\n\t\t\t\t\t\t\t\t\t\t\t\t\t\t<\/a>\n\t\t\t\t\t\t\t<a class=\"e-gallery-item elementor-gallery-item elementor-animated-content\" href=\"https:\/\/muzeumlegii.cz\/wp-content\/uploads\/2020\/02\/00000002-scaled.jpeg\" data-elementor-open-lightbox=\"yes\" data-elementor-lightbox-slideshow=\"2c675aa\" data-elementor-lightbox-title=\"00000002\" data-e-action-hash=\"#elementor-action%3Aaction%3Dlightbox%26settings%3DeyJpZCI6NTI3LCJ1cmwiOiJodHRwczpcL1wvbXV6ZXVtbGVnaWkuY3pcL3dwLWNvbnRlbnRcL3VwbG9hZHNcLzIwMjBcLzAyXC8wMDAwMDAwMi1zY2FsZWQuanBlZyIsInNsaWRlc2hvdyI6IjJjNjc1YWEifQ%3D%3D\">\n\t\t\t\t\t<div class=\"e-gallery-image elementor-gallery-item__image\" data-thumbnail=\"https:\/\/muzeumlegii.cz\/wp-content\/uploads\/2020\/02\/00000002-212x300.jpeg\" data-width=\"212\" data-height=\"300\" aria-label=\"\" role=\"img\" ><\/div>\n\t\t\t\t\t\t\t\t\t\t\t<div class=\"elementor-gallery-item__overlay\"><\/div>\n\t\t\t\t\t\t\t\t\t\t\t\t\t\t<\/a>\n\t\t\t\t\t<\/div>\n\t\t\t\t\t<\/div>\n\t\t\t\t<\/div>\n\t\t\t\t<div class=\"elementor-element elementor-element-05fbb24 elementor-align-center elementor-mobile-align-center elementor-widget elementor-widget-button\" data-id=\"05fbb24\" data-element_type=\"widget\" data-e-type=\"widget\" data-widget_type=\"button.default\">\n\t\t\t\t<div class=\"elementor-widget-container\">\n\t\t\t\t\t\t\t\t\t<div class=\"elementor-button-wrapper\">\n\t\t\t\t\t<a class=\"elementor-button elementor-button-link elementor-size-sm elementor-animation-grow\" href=\"http:\/\/muzeumlegii.cz\/sk\/zacatek-1-svetove-valky\/\">\n\t\t\t\t\t\t<span class=\"elementor-button-content-wrapper\">\n\t\t\t\t\t\t\t\t\t<span class=\"elementor-button-text\">\" Prv\u00e1 svetov\u00e1 vojna<\/span>\n\t\t\t\t\t<\/span>\n\t\t\t\t\t<\/a>\n\t\t\t\t<\/div>\n\t\t\t\t\t\t\t\t<\/div>\n\t\t\t\t<\/div>\n\t\t\t\t<div class=\"elementor-element elementor-element-2742bcf elementor-widget elementor-widget-spacer\" data-id=\"2742bcf\" data-element_type=\"widget\" data-e-type=\"widget\" data-widget_type=\"spacer.default\">\n\t\t\t\t<div class=\"elementor-widget-container\">\n\t\t\t\t\t\t\t<div class=\"elementor-spacer\">\n\t\t\t<div class=\"elementor-spacer-inner\"><\/div>\n\t\t<\/div>\n\t\t\t\t\t\t<\/div>\n\t\t\t\t<\/div>\n\t\t\t\t<div class=\"elementor-element elementor-element-7cb966b elementor-cta--skin-cover elementor-animated-content elementor-bg-transform elementor-bg-transform-zoom-in elementor-widget elementor-widget-global elementor-global-325 elementor-widget-call-to-action\" data-id=\"7cb966b\" data-element_type=\"widget\" data-e-type=\"widget\" data-widget_type=\"call-to-action.default\">\n\t\t\t\t<div class=\"elementor-widget-container\">\n\t\t\t\t\t\t\t<div class=\"elementor-cta\">\n\t\t\t\t\t<div class=\"elementor-cta__bg-wrapper\">\n\t\t\t\t<div class=\"elementor-cta__bg elementor-bg\" style=\"background-image: url(https:\/\/muzeumlegii.cz\/wp-content\/uploads\/2020\/01\/V\u00fdstava-2000-Edited-1-1024x576.jpg);\" role=\"img\" aria-label=\"V\u00fdstava-2000-Edited-1\"><\/div>\n\t\t\t\t<div class=\"elementor-cta__bg-overlay\"><\/div>\n\t\t\t<\/div>\n\t\t\t\t\t\t\t<div class=\"elementor-cta__content\">\n\t\t\t\t\n\t\t\t\t\t\t\t\t\t<h2 class=\"elementor-cta__title elementor-cta__content-item elementor-content-item elementor-animated-item--grow\">\n\t\t\t\t\t\tNav\u0161t\u00edvte M\u00fazeum \u010deskoslovensk\u00fdch l\u00e9gi\u00ed \t\t\t\t\t<\/h2>\n\t\t\t\t\n\t\t\t\t\t\t\t\t\t<div class=\"elementor-cta__description elementor-cta__content-item elementor-content-item elementor-animated-item--grow\">\n\t\t\t\t\t\tSpoznajte pr\u00edbehy legion\u00e1rov v prvej svetovej vojne z prvej l\u00ednie\t\t\t\t\t<\/div>\n\t\t\t\t\n\t\t\t\t\t\t\t\t\t<div class=\"elementor-cta__button-wrapper elementor-cta__content-item elementor-content-item elementor-animated-item--grow\">\n\t\t\t\t\t<a class=\"elementor-cta__button elementor-button elementor-size-\" href=\"http:\/\/muzeumlegii.cz\/sk\/kontakt\/\">\n\t\t\t\t\t\tZorganizujte si prehliadku\t\t\t\t\t<\/a>\n\t\t\t\t\t<\/div>\n\t\t\t\t\t\t\t<\/div>\n\t\t\t\t\t\t<\/div>\n\t\t\t\t\t\t<\/div>\n\t\t\t\t<\/div>\n\t\t\t\t\t<\/div>\n\t\t<\/div>\n\t\t\t\t\t<\/div>\n\t\t<\/section>\n\t\t\t\t<footer class=\"elementor-section elementor-top-section elementor-element elementor-element-d324c2d elementor-section-content-middle elementor-section-boxed elementor-section-height-default elementor-section-height-default\" data-id=\"d324c2d\" data-element_type=\"section\" data-e-type=\"section\" data-settings=\"{&quot;background_background&quot;:&quot;classic&quot;}\">\n\t\t\t\t\t\t<div class=\"elementor-container elementor-column-gap-default\">\n\t\t\t\t\t<div class=\"elementor-column elementor-col-100 elementor-top-column elementor-element elementor-element-24478cb\" data-id=\"24478cb\" data-element_type=\"column\" data-e-type=\"column\">\n\t\t\t<div class=\"elementor-widget-wrap elementor-element-populated\">\n\t\t\t\t\t\t<section class=\"elementor-section elementor-inner-section elementor-element elementor-element-0710d5e elementor-section-content-middle elementor-section-boxed elementor-section-height-default elementor-section-height-default\" data-id=\"0710d5e\" data-element_type=\"section\" data-e-type=\"section\">\n\t\t\t\t\t\t<div class=\"elementor-container elementor-column-gap-default\">\n\t\t\t\t\t<div class=\"elementor-column elementor-col-50 elementor-inner-column elementor-element elementor-element-b592dd2\" data-id=\"b592dd2\" data-element_type=\"column\" data-e-type=\"column\">\n\t\t\t<div class=\"elementor-widget-wrap elementor-element-populated\">\n\t\t\t\t\t\t<div class=\"elementor-element elementor-element-608e97a elementor-nav-menu__align-start elementor-nav-menu--dropdown-mobile elementor-nav-menu--stretch elementor-nav-menu__text-align-center elementor-nav-menu--toggle elementor-nav-menu--burger elementor-widget elementor-widget-nav-menu\" data-id=\"608e97a\" data-element_type=\"widget\" data-e-type=\"widget\" data-settings=\"{&quot;full_width&quot;:&quot;stretch&quot;,&quot;layout&quot;:&quot;horizontal&quot;,&quot;submenu_icon&quot;:{&quot;value&quot;:&quot;&lt;i class=\\&quot;fas fa-caret-down\\&quot; aria-hidden=\\&quot;true\\&quot;&gt;&lt;\\\/i&gt;&quot;,&quot;library&quot;:&quot;fa-solid&quot;},&quot;toggle&quot;:&quot;burger&quot;}\" data-widget_type=\"nav-menu.default\">\n\t\t\t\t<div class=\"elementor-widget-container\">\n\t\t\t\t\t\t\t\t<nav aria-label=\"Ponuka\" class=\"elementor-nav-menu--main elementor-nav-menu__container elementor-nav-menu--layout-horizontal e--pointer-none\">\n\t\t\t\t<ul id=\"menu-1-608e97a\" class=\"elementor-nav-menu\"><li class=\"menu-item menu-item-type-post_type menu-item-object-page menu-item-54\"><a href=\"https:\/\/muzeumlegii.cz\/sk\/o-muzeu\/\" class=\"elementor-item\">O m\u00fazeu<\/a><\/li>\n<li class=\"menu-item menu-item-type-post_type menu-item-object-page menu-item-has-children menu-item-55\"><a href=\"https:\/\/muzeumlegii.cz\/sk\/pribeh-ceskoslovenskych-legii\/\" class=\"elementor-item\">Pr\u00edbeh \u010deskoslovensk\u00fdch l\u00e9gi\u00ed<\/a>\n<ul class=\"sub-menu elementor-nav-menu--dropdown\">\n\t<li class=\"menu-item menu-item-type-post_type menu-item-object-page menu-item-293\"><a href=\"https:\/\/muzeumlegii.cz\/sk\/zacatek-1-svetove-valky\/\" class=\"elementor-sub-item\">Za\u010diatok prvej svetovej vojny<\/a><\/li>\n\t<li class=\"menu-item menu-item-type-post_type menu-item-object-page menu-item-107\"><a href=\"https:\/\/muzeumlegii.cz\/sk\/francie\/\" class=\"elementor-sub-item\">Vo Franc\u00fazsku<\/a><\/li>\n\t<li class=\"menu-item menu-item-type-post_type menu-item-object-page menu-item-106\"><a href=\"https:\/\/muzeumlegii.cz\/sk\/rusko\/\" class=\"elementor-sub-item\">V Rusku<\/a><\/li>\n\t<li class=\"menu-item menu-item-type-post_type menu-item-object-page menu-item-105\"><a href=\"https:\/\/muzeumlegii.cz\/sk\/italie\/\" class=\"elementor-sub-item\">V Taliansku<\/a><\/li>\n\t<li class=\"menu-item menu-item-type-post_type menu-item-object-page menu-item-103\"><a href=\"https:\/\/muzeumlegii.cz\/sk\/spojenecke-armady\/\" class=\"elementor-sub-item\">V spojeneck\u00fdch arm\u00e1dach<\/a><\/li>\n\t<li class=\"menu-item menu-item-type-post_type menu-item-object-page menu-item-104\"><a href=\"https:\/\/muzeumlegii.cz\/sk\/zachraneni-valecni-sirotci\/\" class=\"elementor-sub-item\">Zachr\u00e1nen\u00e9 vojnov\u00e9 siroty<\/a><\/li>\n<\/ul>\n<\/li>\n<li class=\"menu-item menu-item-type-post_type menu-item-object-page menu-item-194\"><a href=\"https:\/\/muzeumlegii.cz\/sk\/vyhledani-legionaru\/\" class=\"elementor-item\">H\u013eadanie legion\u00e1rov<\/a><\/li>\n<li class=\"menu-item menu-item-type-post_type menu-item-object-page menu-item-56\"><a href=\"https:\/\/muzeumlegii.cz\/sk\/novinky\/\" class=\"elementor-item\">Novinky<\/a><\/li>\n<li class=\"menu-item menu-item-type-post_type menu-item-object-page menu-item-57\"><a href=\"https:\/\/muzeumlegii.cz\/sk\/kontakt\/\" class=\"elementor-item\">Kontakt a otv\u00e1racie hodiny<\/a><\/li>\n<\/ul>\t\t\t<\/nav>\n\t\t\t\t\t<div class=\"elementor-menu-toggle\" role=\"button\" tabindex=\"0\" aria-label=\"Prep\u00edna\u010d menu\" aria-expanded=\"false\">\n\t\t\t<i aria-hidden=\"true\" role=\"presentation\" class=\"elementor-menu-toggle__icon--open eicon-menu-bar\"><\/i><i aria-hidden=\"true\" role=\"presentation\" class=\"elementor-menu-toggle__icon--close eicon-close\"><\/i>\t\t<\/div>\n\t\t\t\t\t<nav class=\"elementor-nav-menu--dropdown elementor-nav-menu__container\" aria-hidden=\"true\">\n\t\t\t\t<ul id=\"menu-2-608e97a\" class=\"elementor-nav-menu\"><li class=\"menu-item menu-item-type-post_type menu-item-object-page menu-item-54\"><a href=\"https:\/\/muzeumlegii.cz\/sk\/o-muzeu\/\" class=\"elementor-item\" tabindex=\"-1\">O m\u00fazeu<\/a><\/li>\n<li class=\"menu-item menu-item-type-post_type menu-item-object-page menu-item-has-children menu-item-55\"><a href=\"https:\/\/muzeumlegii.cz\/sk\/pribeh-ceskoslovenskych-legii\/\" class=\"elementor-item\" tabindex=\"-1\">Pr\u00edbeh \u010deskoslovensk\u00fdch l\u00e9gi\u00ed<\/a>\n<ul class=\"sub-menu elementor-nav-menu--dropdown\">\n\t<li class=\"menu-item menu-item-type-post_type menu-item-object-page menu-item-293\"><a href=\"https:\/\/muzeumlegii.cz\/sk\/zacatek-1-svetove-valky\/\" class=\"elementor-sub-item\" tabindex=\"-1\">Za\u010diatok prvej svetovej vojny<\/a><\/li>\n\t<li class=\"menu-item menu-item-type-post_type menu-item-object-page menu-item-107\"><a href=\"https:\/\/muzeumlegii.cz\/sk\/francie\/\" class=\"elementor-sub-item\" tabindex=\"-1\">Vo Franc\u00fazsku<\/a><\/li>\n\t<li class=\"menu-item menu-item-type-post_type menu-item-object-page menu-item-106\"><a href=\"https:\/\/muzeumlegii.cz\/sk\/rusko\/\" class=\"elementor-sub-item\" tabindex=\"-1\">V Rusku<\/a><\/li>\n\t<li class=\"menu-item menu-item-type-post_type menu-item-object-page menu-item-105\"><a href=\"https:\/\/muzeumlegii.cz\/sk\/italie\/\" class=\"elementor-sub-item\" tabindex=\"-1\">V Taliansku<\/a><\/li>\n\t<li class=\"menu-item menu-item-type-post_type menu-item-object-page menu-item-103\"><a href=\"https:\/\/muzeumlegii.cz\/sk\/spojenecke-armady\/\" class=\"elementor-sub-item\" tabindex=\"-1\">V spojeneck\u00fdch arm\u00e1dach<\/a><\/li>\n\t<li class=\"menu-item menu-item-type-post_type menu-item-object-page menu-item-104\"><a href=\"https:\/\/muzeumlegii.cz\/sk\/zachraneni-valecni-sirotci\/\" class=\"elementor-sub-item\" tabindex=\"-1\">Zachr\u00e1nen\u00e9 vojnov\u00e9 siroty<\/a><\/li>\n<\/ul>\n<\/li>\n<li class=\"menu-item menu-item-type-post_type menu-item-object-page menu-item-194\"><a href=\"https:\/\/muzeumlegii.cz\/sk\/vyhledani-legionaru\/\" class=\"elementor-item\" tabindex=\"-1\">H\u013eadanie legion\u00e1rov<\/a><\/li>\n<li class=\"menu-item menu-item-type-post_type menu-item-object-page menu-item-56\"><a href=\"https:\/\/muzeumlegii.cz\/sk\/novinky\/\" class=\"elementor-item\" tabindex=\"-1\">Novinky<\/a><\/li>\n<li class=\"menu-item menu-item-type-post_type menu-item-object-page menu-item-57\"><a href=\"https:\/\/muzeumlegii.cz\/sk\/kontakt\/\" class=\"elementor-item\" tabindex=\"-1\">Kontakt a otv\u00e1racie hodiny<\/a><\/li>\n<\/ul>\t\t\t<\/nav>\n\t\t\t\t\t\t<\/div>\n\t\t\t\t<\/div>\n\t\t\t\t\t<\/div>\n\t\t<\/div>\n\t\t\t\t<div class=\"elementor-column elementor-col-50 elementor-inner-column elementor-element elementor-element-bb0626d\" data-id=\"bb0626d\" data-element_type=\"column\" data-e-type=\"column\">\n\t\t\t<div class=\"elementor-widget-wrap elementor-element-populated\">\n\t\t\t\t\t\t<div class=\"elementor-element elementor-element-cc14bc2 elementor-widget elementor-widget-heading\" data-id=\"cc14bc2\" data-element_type=\"widget\" data-e-type=\"widget\" data-widget_type=\"heading.default\">\n\t\t\t\t<div class=\"elementor-widget-container\">\n\t\t\t\t\t<p class=\"elementor-heading-title elementor-size-default\"><a href=\"tel:+420727866525\">\n\ud83d\udcde +420 727 866 525\n<\/a><\/p>\t\t\t\t<\/div>\n\t\t\t\t<\/div>\n\t\t\t\t<div class=\"elementor-element elementor-element-057282e elementor-widget elementor-widget-heading\" data-id=\"057282e\" data-element_type=\"widget\" data-e-type=\"widget\" data-widget_type=\"heading.default\">\n\t\t\t\t<div class=\"elementor-widget-container\">\n\t\t\t\t\t<p class=\"elementor-heading-title elementor-size-default\"><a href=\"mailto:zuffakuncom@seznam.cz\">\u2709 zuffakuncom@seznam.cz<\/a><\/p>\t\t\t\t<\/div>\n\t\t\t\t<\/div>\n\t\t\t\t<div class=\"elementor-element elementor-element-3427027 elementor-widget elementor-widget-global elementor-global-436 elementor-widget-heading\" data-id=\"3427027\" data-element_type=\"widget\" data-e-type=\"widget\" data-widget_type=\"heading.default\">\n\t\t\t\t<div class=\"elementor-widget-container\">\n\t\t\t\t\t<p class=\"elementor-heading-title elementor-size-default\"><a href=\"https:\/\/muzeumlegii.cz\/sk\/zasady-ochrany-osobnich-udaju\/\">Z\u00e1sady ochrany osobn\u00fdch \u00fadajov<\/a><\/p>\t\t\t\t<\/div>\n\t\t\t\t<\/div>\n\t\t\t\t\t<\/div>\n\t\t<\/div>\n\t\t\t\t\t<\/div>\n\t\t<\/section>\n\t\t\t\t\t<\/div>\n\t\t<\/div>\n\t\t\t\t\t<\/div>\n\t\t<\/footer>\n\t\t\t\t<\/div>","protected":false},"excerpt":{"rendered":"<p>\u010ceskoslovensk\u00e9 l\u00e9gie v spojeneck\u00fdch arm\u00e1dach Na\u0161i krajania podporovali \u010deskoslovensk\u00fd odboj nielen mor\u00e1lne a finan\u010dne (napr. Americk\u00e9 \u010desk\u00e9 n\u00e1rodn\u00e9 zdru\u017eenie, Slovensk\u00e1 liga), ale mnoh\u00ed z nich bojovali aj v arm\u00e1dach Dohody. Z USA odi\u0161li \u010desk\u00ed a slovensk\u00ed dobrovo\u013en\u00edci do Franc\u00fazska, kde sa ich takmer 3 000 zapojilo do 21., 22. a najm\u00e4 23. \u010deskoslovensk\u00e9ho streleck\u00e9ho pluku. ... <a title=\"V spojeneck\u00fdch arm\u00e1dach\" class=\"read-more\" href=\"https:\/\/muzeumlegii.cz\/sk\/spojenecke-armady\/\" aria-label=\"Pre\u010d\u00edtajte si viac o spojeneck\u00fdch arm\u00e1dach\">Pre\u010d\u00edtajte si viac<\/a><\/p>","protected":false},"author":1,"featured_media":0,"parent":0,"menu_order":0,"comment_status":"closed","ping_status":"closed","template":"elementor_header_footer","meta":{"footnotes":""},"class_list":["post-101","page","type-page","status-publish"],"_links":{"self":[{"href":"https:\/\/muzeumlegii.cz\/sk\/wp-json\/wp\/v2\/pages\/101","targetHints":{"allow":["GET"]}}],"collection":[{"href":"https:\/\/muzeumlegii.cz\/sk\/wp-json\/wp\/v2\/pages"}],"about":[{"href":"https:\/\/muzeumlegii.cz\/sk\/wp-json\/wp\/v2\/types\/page"}],"author":[{"embeddable":true,"href":"https:\/\/muzeumlegii.cz\/sk\/wp-json\/wp\/v2\/users\/1"}],"replies":[{"embeddable":true,"href":"https:\/\/muzeumlegii.cz\/sk\/wp-json\/wp\/v2\/comments?post=101"}],"version-history":[{"count":14,"href":"https:\/\/muzeumlegii.cz\/sk\/wp-json\/wp\/v2\/pages\/101\/revisions"}],"predecessor-version":[{"id":696,"href":"https:\/\/muzeumlegii.cz\/sk\/wp-json\/wp\/v2\/pages\/101\/revisions\/696"}],"wp:attachment":[{"href":"https:\/\/muzeumlegii.cz\/sk\/wp-json\/wp\/v2\/media?parent=101"}],"curies":[{"name":"wp","href":"https:\/\/api.w.org\/{rel}","templated":true}]}}