{"id":291,"date":"2019-12-03T16:25:27","date_gmt":"2019-12-03T15:25:27","guid":{"rendered":"http:\/\/muzeumlegii.cz\/?page_id=291"},"modified":"2022-01-21T08:42:50","modified_gmt":"2022-01-21T07:42:50","slug":"zacatek-1-svetove-valky","status":"publish","type":"page","link":"https:\/\/muzeumlegii.cz\/en\/zacatek-1-svetove-valky\/","title":{"rendered":"Beginning of World War I"},"content":{"rendered":"<div data-elementor-type=\"wp-page\" data-elementor-id=\"291\" class=\"elementor elementor-291\" data-elementor-post-type=\"page\">\n\t\t\t\t\t\t<section class=\"elementor-section elementor-top-section elementor-element elementor-element-ee9e8e0 elementor-section-boxed elementor-section-height-default elementor-section-height-default\" data-id=\"ee9e8e0\" data-element_type=\"section\" data-e-type=\"section\">\n\t\t\t\t\t\t<div class=\"elementor-container elementor-column-gap-default\">\n\t\t\t\t\t<div class=\"elementor-column elementor-col-100 elementor-top-column elementor-element elementor-element-7ceda79\" data-id=\"7ceda79\" data-element_type=\"column\" data-e-type=\"column\">\n\t\t\t<div class=\"elementor-widget-wrap elementor-element-populated\">\n\t\t\t\t\t\t<div class=\"elementor-element elementor-element-b0e5d7d elementor-widget elementor-widget-spacer\" data-id=\"b0e5d7d\" data-element_type=\"widget\" data-e-type=\"widget\" data-widget_type=\"spacer.default\">\n\t\t\t\t<div class=\"elementor-widget-container\">\n\t\t\t\t\t\t\t<div class=\"elementor-spacer\">\n\t\t\t<div class=\"elementor-spacer-inner\"><\/div>\n\t\t<\/div>\n\t\t\t\t\t\t<\/div>\n\t\t\t\t<\/div>\n\t\t\t\t<div class=\"elementor-element elementor-element-966208e elementor-widget elementor-widget-html\" data-id=\"966208e\" data-element_type=\"widget\" data-e-type=\"widget\" data-widget_type=\"html.default\">\n\t\t\t\t<div class=\"elementor-widget-container\">\n\t\t\t\t\t<!-- Global site tag (gtag.js) - Google Analytics -->\n<script async src=\"https:\/\/www.googletagmanager.com\/gtag\/js?id=UA-115740275-3\"><\/script>\n<script>\n  window.dataLayer = window.dataLayer || [];\n  function gtag(){dataLayer.push(arguments);}\n  gtag('js', new Date());\n\n  gtag('config', 'UA-115740275-3');\n<\/script>\n\t\t\t\t<\/div>\n\t\t\t\t<\/div>\n\t\t\t\t<div class=\"elementor-element elementor-element-0f7e653 elementor-widget elementor-widget-heading\" data-id=\"0f7e653\" data-element_type=\"widget\" data-e-type=\"widget\" data-widget_type=\"heading.default\">\n\t\t\t\t<div class=\"elementor-widget-container\">\n\t\t\t\t\t<h2 class=\"elementor-heading-title elementor-size-default\">Beginning of World War I<\/h2>\t\t\t\t<\/div>\n\t\t\t\t<\/div>\n\t\t\t\t<section class=\"elementor-section elementor-inner-section elementor-element elementor-element-8b34c17 elementor-section-boxed elementor-section-height-default elementor-section-height-default\" data-id=\"8b34c17\" data-element_type=\"section\" data-e-type=\"section\">\n\t\t\t\t\t\t<div class=\"elementor-container elementor-column-gap-default\">\n\t\t\t\t\t<div class=\"elementor-column elementor-col-50 elementor-inner-column elementor-element elementor-element-47a7985\" data-id=\"47a7985\" data-element_type=\"column\" data-e-type=\"column\">\n\t\t\t<div class=\"elementor-widget-wrap elementor-element-populated\">\n\t\t\t\t\t\t<div class=\"elementor-element elementor-element-91851dd elementor-widget elementor-widget-text-editor\" data-id=\"91851dd\" data-element_type=\"widget\" data-e-type=\"widget\" data-widget_type=\"text-editor.default\">\n\t\t\t\t<div class=\"elementor-widget-container\">\n\t\t\t\t\t\t\t\t\t<p>The shots that killed the Archduke of Austria on 28 June 1914 were not the real cause of the war machine of World War I. Germany had already prepared a military \"Schlieffen Plan\" to surprise France, Belgium and Great Britain.\u00a0<\/p><p>Its ultimate goal was to create a German Central Europe (Mitteleurope), encompassing the existing Habsburg monarchy, the Balkans and the part of Eastern Europe dominated by Russia.<\/p><p>Austria-Hungary also saw a possible war as an opportunity to<br \/>\"to solve the national problems of the Habsburg Empire at the expense of the Slavic peoples. Among other things, this would also resolve the conflict in Serbia of twenty-three million.\u00a0<\/p><p>Gradually, the rifts between the opposing powers became so deep<br \/>and diplomatically unresolvable, that the Sarajevo assassination of Franz Ferdinand was a convenient pretext for declaring and starting the war.<\/p>\t\t\t\t\t\t\t\t<\/div>\n\t\t\t\t<\/div>\n\t\t\t\t\t<\/div>\n\t\t<\/div>\n\t\t\t\t<div class=\"elementor-column elementor-col-50 elementor-inner-column elementor-element elementor-element-3bb3b9e\" data-id=\"3bb3b9e\" data-element_type=\"column\" data-e-type=\"column\">\n\t\t\t<div class=\"elementor-widget-wrap elementor-element-populated\">\n\t\t\t\t\t\t<div class=\"elementor-element elementor-element-8c43211 elementor-widget elementor-widget-image\" data-id=\"8c43211\" data-element_type=\"widget\" data-e-type=\"widget\" data-widget_type=\"image.default\">\n\t\t\t\t<div class=\"elementor-widget-container\">\n\t\t\t\t\t\t\t\t\t\t\t\t\t\t\t\t<a href=\"https:\/\/muzeumlegii.cz\/wp-content\/uploads\/2020\/02\/1.-Arcikn\u00ed\u017ee-s-chot\u00ed-Edited.jpg\" data-elementor-open-lightbox=\"yes\" data-elementor-lightbox-title=\"1. - Arcikn\u00ed\u017ee s chot\u00ed - Edited\" data-e-action-hash=\"#elementor-action%3Aaction%3Dlightbox%26settings%3DeyJpZCI6NTI0LCJ1cmwiOiJodHRwczpcL1wvbXV6ZXVtbGVnaWkuY3pcL3dwLWNvbnRlbnRcL3VwbG9hZHNcLzIwMjBcLzAyXC8xLi1BcmNpa25cdTAwZWRcdTAxN2VlLXMtY2hvdFx1MDBlZC1FZGl0ZWQuanBnIn0%3D\">\n\t\t\t\t\t\t\t<img fetchpriority=\"high\" decoding=\"async\" width=\"1024\" height=\"683\" src=\"https:\/\/muzeumlegii.cz\/wp-content\/uploads\/2020\/02\/1.-Arcikn\u00ed\u017ee-s-chot\u00ed-Edited-1024x683.jpg\" class=\"attachment-large size-large wp-image-524\" alt=\"\" srcset=\"https:\/\/muzeumlegii.cz\/wp-content\/uploads\/2020\/02\/1.-Arcikn\u00ed\u017ee-s-chot\u00ed-Edited-1024x683.jpg 1024w, https:\/\/muzeumlegii.cz\/wp-content\/uploads\/2020\/02\/1.-Arcikn\u00ed\u017ee-s-chot\u00ed-Edited-300x200.jpg 300w, https:\/\/muzeumlegii.cz\/wp-content\/uploads\/2020\/02\/1.-Arcikn\u00ed\u017ee-s-chot\u00ed-Edited-768x512.jpg 768w, https:\/\/muzeumlegii.cz\/wp-content\/uploads\/2020\/02\/1.-Arcikn\u00ed\u017ee-s-chot\u00ed-Edited-1536x1024.jpg 1536w, https:\/\/muzeumlegii.cz\/wp-content\/uploads\/2020\/02\/1.-Arcikn\u00ed\u017ee-s-chot\u00ed-Edited.jpg 1723w\" sizes=\"(max-width: 1024px) 100vw, 1024px\" \/>\t\t\t\t\t\t\t\t<\/a>\n\t\t\t\t\t\t\t\t\t\t\t\t\t\t\t<\/div>\n\t\t\t\t<\/div>\n\t\t\t\t\t<\/div>\n\t\t<\/div>\n\t\t\t\t\t<\/div>\n\t\t<\/section>\n\t\t\t\t<section class=\"elementor-section elementor-inner-section elementor-element elementor-element-697a4d1 elementor-reverse-mobile elementor-section-boxed elementor-section-height-default elementor-section-height-default\" data-id=\"697a4d1\" data-element_type=\"section\" data-e-type=\"section\">\n\t\t\t\t\t\t<div class=\"elementor-container elementor-column-gap-default\">\n\t\t\t\t\t<div class=\"elementor-column elementor-col-50 elementor-inner-column elementor-element elementor-element-83ddc67\" data-id=\"83ddc67\" data-element_type=\"column\" data-e-type=\"column\">\n\t\t\t<div class=\"elementor-widget-wrap elementor-element-populated\">\n\t\t\t\t\t\t<div class=\"elementor-element elementor-element-2085d40 elementor-widget elementor-widget-image\" data-id=\"2085d40\" data-element_type=\"widget\" data-e-type=\"widget\" data-widget_type=\"image.default\">\n\t\t\t\t<div class=\"elementor-widget-container\">\n\t\t\t\t\t\t\t\t\t\t\t\t\t\t\t\t<a href=\"https:\/\/muzeumlegii.cz\/wp-content\/uploads\/2020\/02\/00000003-1.jpeg\" data-elementor-open-lightbox=\"yes\" data-elementor-lightbox-title=\"00000003 (1)\" data-e-action-hash=\"#elementor-action%3Aaction%3Dlightbox%26settings%3DeyJpZCI6NTI4LCJ1cmwiOiJodHRwczpcL1wvbXV6ZXVtbGVnaWkuY3pcL3dwLWNvbnRlbnRcL3VwbG9hZHNcLzIwMjBcLzAyXC8wMDAwMDAwMy0xLmpwZWcifQ%3D%3D\">\n\t\t\t\t\t\t\t<img decoding=\"async\" width=\"666\" height=\"1024\" src=\"https:\/\/muzeumlegii.cz\/wp-content\/uploads\/2020\/02\/00000003-1-666x1024.jpeg\" class=\"attachment-large size-large wp-image-528\" alt=\"\" srcset=\"https:\/\/muzeumlegii.cz\/wp-content\/uploads\/2020\/02\/00000003-1-666x1024.jpeg 666w, https:\/\/muzeumlegii.cz\/wp-content\/uploads\/2020\/02\/00000003-1-195x300.jpeg 195w, https:\/\/muzeumlegii.cz\/wp-content\/uploads\/2020\/02\/00000003-1-768x1181.jpeg 768w, https:\/\/muzeumlegii.cz\/wp-content\/uploads\/2020\/02\/00000003-1-999x1536.jpeg 999w, https:\/\/muzeumlegii.cz\/wp-content\/uploads\/2020\/02\/00000003-1-1332x2048.jpeg 1332w, https:\/\/muzeumlegii.cz\/wp-content\/uploads\/2020\/02\/00000003-1.jpeg 1520w\" sizes=\"(max-width: 666px) 100vw, 666px\" \/>\t\t\t\t\t\t\t\t<\/a>\n\t\t\t\t\t\t\t\t\t\t\t\t\t\t\t<\/div>\n\t\t\t\t<\/div>\n\t\t\t\t\t<\/div>\n\t\t<\/div>\n\t\t\t\t<div class=\"elementor-column elementor-col-50 elementor-inner-column elementor-element elementor-element-894096d\" data-id=\"894096d\" data-element_type=\"column\" data-e-type=\"column\">\n\t\t\t<div class=\"elementor-widget-wrap elementor-element-populated\">\n\t\t\t\t\t\t<div class=\"elementor-element elementor-element-e4a7101 elementor-widget elementor-widget-text-editor\" data-id=\"e4a7101\" data-element_type=\"widget\" data-e-type=\"widget\" data-widget_type=\"text-editor.default\">\n\t\t\t\t<div class=\"elementor-widget-container\">\n\t\t\t\t\t\t\t\t\t<p>The strategic plan of the German command assumed that the war on the western front would be decided by a quick victorious strike against France, and then the offensive in the east would come next. This plan ended in the failure of the war operations. The promised return of the troops from the front \"to the plum tree\" or at the latest \"before the leaves fall from the tree in 1914\" did not materialize.<\/p><p>For four years, hundreds of thousands of men lived in stinking, often drenched<br \/>in the trenches, every step of the way accompanied by the threat of artillery shells, sniper bullets and combat gases.<\/p><p>The war continued as a protracted trench warfare full of casualties that led to the complete economic exhaustion of the home front. It claimed three and a half million dead soldiers from Germany and the Central Powers. On the side of the Agreement, the figure was five million and fifty-two thousand. Fifty thousand rounds were fired for each fallen soldier.<\/p>\t\t\t\t\t\t\t\t<\/div>\n\t\t\t\t<\/div>\n\t\t\t\t\t<\/div>\n\t\t<\/div>\n\t\t\t\t\t<\/div>\n\t\t<\/section>\n\t\t\t\t\t<\/div>\n\t\t<\/div>\n\t\t\t\t\t<\/div>\n\t\t<\/section>\n\t\t\t\t<section class=\"elementor-section elementor-top-section elementor-element elementor-element-8265a7a elementor-section-boxed elementor-section-height-default elementor-section-height-default\" data-id=\"8265a7a\" data-element_type=\"section\" data-e-type=\"section\">\n\t\t\t\t\t\t<div class=\"elementor-container elementor-column-gap-default\">\n\t\t\t\t\t<div class=\"elementor-column elementor-col-100 elementor-top-column elementor-element elementor-element-d85403c\" data-id=\"d85403c\" data-element_type=\"column\" data-e-type=\"column\">\n\t\t\t<div class=\"elementor-widget-wrap elementor-element-populated\">\n\t\t\t\t\t\t<div class=\"elementor-element elementor-element-4323ff6 elementor-align-center elementor-mobile-align-center elementor-widget elementor-widget-global elementor-global-322 elementor-widget-button\" data-id=\"4323ff6\" data-element_type=\"widget\" data-e-type=\"widget\" data-widget_type=\"button.default\">\n\t\t\t\t<div class=\"elementor-widget-container\">\n\t\t\t\t\t\t\t\t\t<div class=\"elementor-button-wrapper\">\n\t\t\t\t\t<a class=\"elementor-button elementor-button-link elementor-size-sm elementor-animation-grow\" href=\"http:\/\/muzeumlegii.cz\/en\/francie\/\">\n\t\t\t\t\t\t<span class=\"elementor-button-content-wrapper\">\n\t\t\t\t\t\t\t\t\t<span class=\"elementor-button-text\">\" Next article - Legionnaires in France<\/span>\n\t\t\t\t\t<\/span>\n\t\t\t\t\t<\/a>\n\t\t\t\t<\/div>\n\t\t\t\t\t\t\t\t<\/div>\n\t\t\t\t<\/div>\n\t\t\t\t<div class=\"elementor-element elementor-element-db82940 elementor-widget elementor-widget-spacer\" data-id=\"db82940\" data-element_type=\"widget\" data-e-type=\"widget\" data-widget_type=\"spacer.default\">\n\t\t\t\t<div class=\"elementor-widget-container\">\n\t\t\t\t\t\t\t<div class=\"elementor-spacer\">\n\t\t\t<div class=\"elementor-spacer-inner\"><\/div>\n\t\t<\/div>\n\t\t\t\t\t\t<\/div>\n\t\t\t\t<\/div>\n\t\t\t\t\t<\/div>\n\t\t<\/div>\n\t\t\t\t\t<\/div>\n\t\t<\/section>\n\t\t\t\t<section class=\"elementor-section elementor-top-section elementor-element elementor-element-0f3cbc6 elementor-section-boxed elementor-section-height-default elementor-section-height-default\" data-id=\"0f3cbc6\" data-element_type=\"section\" data-e-type=\"section\">\n\t\t\t\t\t\t<div class=\"elementor-container elementor-column-gap-default\">\n\t\t\t\t\t<div class=\"elementor-column elementor-col-100 elementor-top-column elementor-element elementor-element-844b970\" data-id=\"844b970\" data-element_type=\"column\" data-e-type=\"column\">\n\t\t\t<div class=\"elementor-widget-wrap elementor-element-populated\">\n\t\t\t\t\t\t<div class=\"elementor-element elementor-element-3532cfd elementor-cta--skin-cover elementor-animated-content elementor-bg-transform elementor-bg-transform-zoom-in elementor-widget elementor-widget-global elementor-global-325 elementor-widget-call-to-action\" data-id=\"3532cfd\" data-element_type=\"widget\" data-e-type=\"widget\" data-widget_type=\"call-to-action.default\">\n\t\t\t\t<div class=\"elementor-widget-container\">\n\t\t\t\t\t\t\t<div class=\"elementor-cta\">\n\t\t\t\t\t<div class=\"elementor-cta__bg-wrapper\">\n\t\t\t\t<div class=\"elementor-cta__bg elementor-bg\" style=\"background-image: url(https:\/\/muzeumlegii.cz\/wp-content\/uploads\/2020\/01\/V\u00fdstava-2000-Edited-1-1024x576.jpg);\" role=\"img\" aria-label=\"V\u00fdstava-2000-Edited-1\"><\/div>\n\t\t\t\t<div class=\"elementor-cta__bg-overlay\"><\/div>\n\t\t\t<\/div>\n\t\t\t\t\t\t\t<div class=\"elementor-cta__content\">\n\t\t\t\t\n\t\t\t\t\t\t\t\t\t<h2 class=\"elementor-cta__title elementor-cta__content-item elementor-content-item elementor-animated-item--grow\">\n\t\t\t\t\t\tVisit the Czechoslovak Legions Museum \t\t\t\t\t<\/h2>\n\t\t\t\t\n\t\t\t\t\t\t\t\t\t<div class=\"elementor-cta__description elementor-cta__content-item elementor-content-item elementor-animated-item--grow\">\n\t\t\t\t\t\tDiscover the stories of the legionnaires in World War I from the front line\t\t\t\t\t<\/div>\n\t\t\t\t\n\t\t\t\t\t\t\t\t\t<div class=\"elementor-cta__button-wrapper elementor-cta__content-item elementor-content-item elementor-animated-item--grow\">\n\t\t\t\t\t<a class=\"elementor-cta__button elementor-button elementor-size-\" href=\"http:\/\/muzeumlegii.cz\/en\/kontakt\/\">\n\t\t\t\t\t\tArrange a tour\t\t\t\t\t<\/a>\n\t\t\t\t\t<\/div>\n\t\t\t\t\t\t\t<\/div>\n\t\t\t\t\t\t<\/div>\n\t\t\t\t\t\t<\/div>\n\t\t\t\t<\/div>\n\t\t\t\t\t<\/div>\n\t\t<\/div>\n\t\t\t\t\t<\/div>\n\t\t<\/section>\n\t\t\t\t<footer class=\"elementor-section elementor-top-section elementor-element elementor-element-4edb0948 elementor-section-content-middle elementor-section-boxed elementor-section-height-default elementor-section-height-default\" data-id=\"4edb0948\" data-element_type=\"section\" data-e-type=\"section\" data-settings=\"{&quot;background_background&quot;:&quot;classic&quot;}\">\n\t\t\t\t\t\t<div class=\"elementor-container elementor-column-gap-default\">\n\t\t\t\t\t<div class=\"elementor-column elementor-col-100 elementor-top-column elementor-element elementor-element-1925513d\" data-id=\"1925513d\" data-element_type=\"column\" data-e-type=\"column\">\n\t\t\t<div class=\"elementor-widget-wrap elementor-element-populated\">\n\t\t\t\t\t\t<section class=\"elementor-section elementor-inner-section elementor-element elementor-element-43f3eb55 elementor-section-content-middle elementor-section-boxed elementor-section-height-default elementor-section-height-default\" data-id=\"43f3eb55\" data-element_type=\"section\" data-e-type=\"section\">\n\t\t\t\t\t\t<div class=\"elementor-container elementor-column-gap-default\">\n\t\t\t\t\t<div class=\"elementor-column elementor-col-50 elementor-inner-column elementor-element elementor-element-14cca8b5\" data-id=\"14cca8b5\" data-element_type=\"column\" data-e-type=\"column\">\n\t\t\t<div class=\"elementor-widget-wrap elementor-element-populated\">\n\t\t\t\t\t\t<div class=\"elementor-element elementor-element-1f219d97 elementor-nav-menu__align-start elementor-nav-menu--dropdown-mobile elementor-nav-menu--stretch elementor-nav-menu__text-align-center elementor-nav-menu--toggle elementor-nav-menu--burger elementor-widget elementor-widget-nav-menu\" data-id=\"1f219d97\" data-element_type=\"widget\" data-e-type=\"widget\" data-settings=\"{&quot;full_width&quot;:&quot;stretch&quot;,&quot;layout&quot;:&quot;horizontal&quot;,&quot;submenu_icon&quot;:{&quot;value&quot;:&quot;&lt;i class=\\&quot;fas fa-caret-down\\&quot; aria-hidden=\\&quot;true\\&quot;&gt;&lt;\\\/i&gt;&quot;,&quot;library&quot;:&quot;fa-solid&quot;},&quot;toggle&quot;:&quot;burger&quot;}\" data-widget_type=\"nav-menu.default\">\n\t\t\t\t<div class=\"elementor-widget-container\">\n\t\t\t\t\t\t\t\t<nav aria-label=\"Menu\" class=\"elementor-nav-menu--main elementor-nav-menu__container elementor-nav-menu--layout-horizontal e--pointer-none\">\n\t\t\t\t<ul id=\"menu-1-1f219d97\" class=\"elementor-nav-menu\"><li class=\"menu-item menu-item-type-post_type menu-item-object-page menu-item-54\"><a href=\"https:\/\/muzeumlegii.cz\/en\/o-muzeu\/\" class=\"elementor-item\">About the Museum<\/a><\/li>\n<li class=\"menu-item menu-item-type-post_type menu-item-object-page menu-item-has-children menu-item-55\"><a href=\"https:\/\/muzeumlegii.cz\/en\/pribeh-ceskoslovenskych-legii\/\" class=\"elementor-item\">The Story of the Czechoslovak Legions<\/a>\n<ul class=\"sub-menu elementor-nav-menu--dropdown\">\n\t<li class=\"menu-item menu-item-type-post_type menu-item-object-page menu-item-293\"><a href=\"https:\/\/muzeumlegii.cz\/en\/zacatek-1-svetove-valky\/\" class=\"elementor-sub-item\">Beginning of World War I<\/a><\/li>\n\t<li class=\"menu-item menu-item-type-post_type menu-item-object-page menu-item-107\"><a href=\"https:\/\/muzeumlegii.cz\/en\/francie\/\" class=\"elementor-sub-item\">In France<\/a><\/li>\n\t<li class=\"menu-item menu-item-type-post_type menu-item-object-page menu-item-106\"><a href=\"https:\/\/muzeumlegii.cz\/en\/rusko\/\" class=\"elementor-sub-item\">In Russia<\/a><\/li>\n\t<li class=\"menu-item menu-item-type-post_type menu-item-object-page menu-item-105\"><a href=\"https:\/\/muzeumlegii.cz\/en\/italie\/\" class=\"elementor-sub-item\">In Italy<\/a><\/li>\n\t<li class=\"menu-item menu-item-type-post_type menu-item-object-page menu-item-103\"><a href=\"https:\/\/muzeumlegii.cz\/en\/spojenecke-armady\/\" class=\"elementor-sub-item\">In the Allied Armies<\/a><\/li>\n\t<li class=\"menu-item menu-item-type-post_type menu-item-object-page menu-item-104\"><a href=\"https:\/\/muzeumlegii.cz\/en\/zachraneni-valecni-sirotci\/\" class=\"elementor-sub-item\">Rescued War Orphans<\/a><\/li>\n<\/ul>\n<\/li>\n<li class=\"menu-item menu-item-type-post_type menu-item-object-page menu-item-194\"><a href=\"https:\/\/muzeumlegii.cz\/en\/vyhledani-legionaru\/\" class=\"elementor-item\">Finding the Legionnaires<\/a><\/li>\n<li class=\"menu-item menu-item-type-post_type menu-item-object-page menu-item-56\"><a href=\"https:\/\/muzeumlegii.cz\/en\/novinky\/\" class=\"elementor-item\">News<\/a><\/li>\n<li class=\"menu-item menu-item-type-post_type menu-item-object-page menu-item-57\"><a href=\"https:\/\/muzeumlegii.cz\/en\/kontakt\/\" class=\"elementor-item\">Contact &amp; Opening Hours<\/a><\/li>\n<\/ul>\t\t\t<\/nav>\n\t\t\t\t\t<div class=\"elementor-menu-toggle\" role=\"button\" tabindex=\"0\" aria-label=\"Toggle menu\" aria-expanded=\"false\">\n\t\t\t<i aria-hidden=\"true\" role=\"presentation\" class=\"elementor-menu-toggle__icon--open eicon-menu-bar\"><\/i><i aria-hidden=\"true\" role=\"presentation\" class=\"elementor-menu-toggle__icon--close eicon-close\"><\/i>\t\t<\/div>\n\t\t\t\t\t<nav class=\"elementor-nav-menu--dropdown elementor-nav-menu__container\" aria-hidden=\"true\">\n\t\t\t\t<ul id=\"menu-2-1f219d97\" class=\"elementor-nav-menu\"><li class=\"menu-item menu-item-type-post_type menu-item-object-page menu-item-54\"><a href=\"https:\/\/muzeumlegii.cz\/en\/o-muzeu\/\" class=\"elementor-item\" tabindex=\"-1\">About the Museum<\/a><\/li>\n<li class=\"menu-item menu-item-type-post_type menu-item-object-page menu-item-has-children menu-item-55\"><a href=\"https:\/\/muzeumlegii.cz\/en\/pribeh-ceskoslovenskych-legii\/\" class=\"elementor-item\" tabindex=\"-1\">The Story of the Czechoslovak Legions<\/a>\n<ul class=\"sub-menu elementor-nav-menu--dropdown\">\n\t<li class=\"menu-item menu-item-type-post_type menu-item-object-page menu-item-293\"><a href=\"https:\/\/muzeumlegii.cz\/en\/zacatek-1-svetove-valky\/\" class=\"elementor-sub-item\" tabindex=\"-1\">Beginning of World War I<\/a><\/li>\n\t<li class=\"menu-item menu-item-type-post_type menu-item-object-page menu-item-107\"><a href=\"https:\/\/muzeumlegii.cz\/en\/francie\/\" class=\"elementor-sub-item\" tabindex=\"-1\">In France<\/a><\/li>\n\t<li class=\"menu-item menu-item-type-post_type menu-item-object-page menu-item-106\"><a href=\"https:\/\/muzeumlegii.cz\/en\/rusko\/\" class=\"elementor-sub-item\" tabindex=\"-1\">In Russia<\/a><\/li>\n\t<li class=\"menu-item menu-item-type-post_type menu-item-object-page menu-item-105\"><a href=\"https:\/\/muzeumlegii.cz\/en\/italie\/\" class=\"elementor-sub-item\" tabindex=\"-1\">In Italy<\/a><\/li>\n\t<li class=\"menu-item menu-item-type-post_type menu-item-object-page menu-item-103\"><a href=\"https:\/\/muzeumlegii.cz\/en\/spojenecke-armady\/\" class=\"elementor-sub-item\" tabindex=\"-1\">In the Allied Armies<\/a><\/li>\n\t<li class=\"menu-item menu-item-type-post_type menu-item-object-page menu-item-104\"><a href=\"https:\/\/muzeumlegii.cz\/en\/zachraneni-valecni-sirotci\/\" class=\"elementor-sub-item\" tabindex=\"-1\">Rescued War Orphans<\/a><\/li>\n<\/ul>\n<\/li>\n<li class=\"menu-item menu-item-type-post_type menu-item-object-page menu-item-194\"><a href=\"https:\/\/muzeumlegii.cz\/en\/vyhledani-legionaru\/\" class=\"elementor-item\" tabindex=\"-1\">Finding the Legionnaires<\/a><\/li>\n<li class=\"menu-item menu-item-type-post_type menu-item-object-page menu-item-56\"><a href=\"https:\/\/muzeumlegii.cz\/en\/novinky\/\" class=\"elementor-item\" tabindex=\"-1\">News<\/a><\/li>\n<li class=\"menu-item menu-item-type-post_type menu-item-object-page menu-item-57\"><a href=\"https:\/\/muzeumlegii.cz\/en\/kontakt\/\" class=\"elementor-item\" tabindex=\"-1\">Contact &amp; Opening Hours<\/a><\/li>\n<\/ul>\t\t\t<\/nav>\n\t\t\t\t\t\t<\/div>\n\t\t\t\t<\/div>\n\t\t\t\t\t<\/div>\n\t\t<\/div>\n\t\t\t\t<div class=\"elementor-column elementor-col-50 elementor-inner-column elementor-element elementor-element-63484a90\" data-id=\"63484a90\" data-element_type=\"column\" data-e-type=\"column\">\n\t\t\t<div class=\"elementor-widget-wrap elementor-element-populated\">\n\t\t\t\t\t\t<div class=\"elementor-element elementor-element-4dee6956 elementor-widget elementor-widget-heading\" data-id=\"4dee6956\" data-element_type=\"widget\" data-e-type=\"widget\" data-widget_type=\"heading.default\">\n\t\t\t\t<div class=\"elementor-widget-container\">\n\t\t\t\t\t<p class=\"elementor-heading-title elementor-size-default\"><a href=\"tel:+420727866525\">\n\ud83d\udcde +420 727 866 525\n<\/a><\/p>\t\t\t\t<\/div>\n\t\t\t\t<\/div>\n\t\t\t\t<div class=\"elementor-element elementor-element-2322c7fe elementor-widget elementor-widget-heading\" data-id=\"2322c7fe\" data-element_type=\"widget\" data-e-type=\"widget\" data-widget_type=\"heading.default\">\n\t\t\t\t<div class=\"elementor-widget-container\">\n\t\t\t\t\t<p class=\"elementor-heading-title elementor-size-default\"><a href=\"mailto:zuffakuncom@seznam.cz\">\u2709 zuffakuncom@seznam.cz<\/a><\/p>\t\t\t\t<\/div>\n\t\t\t\t<\/div>\n\t\t\t\t<div class=\"elementor-element elementor-element-2d03e75 elementor-widget elementor-widget-global elementor-global-436 elementor-widget-heading\" data-id=\"2d03e75\" data-element_type=\"widget\" data-e-type=\"widget\" data-widget_type=\"heading.default\">\n\t\t\t\t<div class=\"elementor-widget-container\">\n\t\t\t\t\t<p class=\"elementor-heading-title elementor-size-default\"><a href=\"https:\/\/muzeumlegii.cz\/en\/zasady-ochrany-osobnich-udaju\/\">Privacy Policy<\/a><\/p>\t\t\t\t<\/div>\n\t\t\t\t<\/div>\n\t\t\t\t\t<\/div>\n\t\t<\/div>\n\t\t\t\t\t<\/div>\n\t\t<\/section>\n\t\t\t\t\t<\/div>\n\t\t<\/div>\n\t\t\t\t\t<\/div>\n\t\t<\/footer>\n\t\t\t\t<\/div>","protected":false},"excerpt":{"rendered":"<p>The beginning of World War I The shelling that killed the Archduke of Austria on 28 June 1914 was not the real cause of the war machine of World War I. Long before that, Germany had already prepared a military \"Schlieffen Plan\" to surprise France, Belgium and Great Britain.  Its ultimate goal was to create a German Central Europe (Mitteleurope), including the existing Habsburg monarchy, ... <a title=\"Beginning of World War I\" class=\"read-more\" href=\"https:\/\/muzeumlegii.cz\/en\/zacatek-1-svetove-valky\/\" aria-label=\"Read more about The beginning of World War I\">Read more<\/a><\/p>","protected":false},"author":1,"featured_media":0,"parent":0,"menu_order":0,"comment_status":"closed","ping_status":"closed","template":"elementor_header_footer","meta":{"footnotes":""},"class_list":["post-291","page","type-page","status-publish"],"_links":{"self":[{"href":"https:\/\/muzeumlegii.cz\/en\/wp-json\/wp\/v2\/pages\/291","targetHints":{"allow":["GET"]}}],"collection":[{"href":"https:\/\/muzeumlegii.cz\/en\/wp-json\/wp\/v2\/pages"}],"about":[{"href":"https:\/\/muzeumlegii.cz\/en\/wp-json\/wp\/v2\/types\/page"}],"author":[{"embeddable":true,"href":"https:\/\/muzeumlegii.cz\/en\/wp-json\/wp\/v2\/users\/1"}],"replies":[{"embeddable":true,"href":"https:\/\/muzeumlegii.cz\/en\/wp-json\/wp\/v2\/comments?post=291"}],"version-history":[{"count":22,"href":"https:\/\/muzeumlegii.cz\/en\/wp-json\/wp\/v2\/pages\/291\/revisions"}],"predecessor-version":[{"id":702,"href":"https:\/\/muzeumlegii.cz\/en\/wp-json\/wp\/v2\/pages\/291\/revisions\/702"}],"wp:attachment":[{"href":"https:\/\/muzeumlegii.cz\/en\/wp-json\/wp\/v2\/media?parent=291"}],"curies":[{"name":"wp","href":"https:\/\/api.w.org\/{rel}","templated":true}]}}